{"id":93,"date":"2015-08-19T08:30:52","date_gmt":"2015-08-19T06:30:52","guid":{"rendered":"http:\/\/wolniodnudy.pl\/?page_id=93"},"modified":"2016-03-13T09:25:52","modified_gmt":"2016-03-13T08:25:52","slug":"na-zywo","status":"publish","type":"page","link":"https:\/\/wolniodnudy.pl\/index.php\/na-zywo\/","title":{"rendered":"Na \u017cywo"},"content":{"rendered":"<p>Chwilowo nie planuj\u0119 udzia\u0142u w \u017cadnej imprezie.<br \/>\nGdyby kto\u015b by\u0142 zainteresowany obejrzeniem prac, warsztatami, albo pokazem tworzenia (najch\u0119tniej w obr\u0119bie woj. \u0142\u00f3dzkiego, ale nie koniecznie), to prosz\u0119 o kontakt mailowy.<\/p>\n<p>&nbsp;<\/p>\n<p>A poni\u017cej przedstawiam :<\/p>\n<ul>\n<li><strong>wyniki konkursu &#8222;Bo fantazja&#8230;&#8221;<\/strong><\/li>\n<li>informacje o <strong>konkursie na projekt witra\u017cu &#8222;Co mi w duszy gra&#8221;<\/strong>, kt\u00f3ry niestety pozosta\u0142 nierozstrzygni\u0119ty (ze wzgl\u0119du na nik\u0142e zainteresowanie oraz charakter nades\u0142anych projekt\u00f3w).<\/li>\n<\/ul>\n<p><strong>KONKURS &#8222;BO FANTAZJA&#8230;&#8221;<\/strong><\/p>\n<p><strong>Zwyci\u0119zcy konkursu<\/strong>, kt\u00f3ry mia\u0142 miejsce w trakcie XVI Wystawy Rolno-Przemys\u0142owej w Zdu\u0144skiej Woli, czyli w\u00a0niedziel\u0119 23 sierpnia 2015r., to <strong>Karolina<\/strong> i <strong>Mariusz<\/strong>.<br \/>\nPrace zosta\u0142y zrealizowane i wkr\u00f3tce trafi\u0105 do r\u0105k Zwyci\u0119zc\u00f3w. Poni\u017cej projekty i realizacja<\/p>\n<p><a href=\"https:\/\/wolniodnudy.pl\/wp-content\/uploads\/2015\/08\/nagroda-g\u0142\u00f3wna.png\"><img decoding=\"async\" loading=\"lazy\" class=\"aligncenter size-full wp-image-508\" src=\"https:\/\/wolniodnudy.pl\/wp-content\/uploads\/2015\/08\/nagroda-g\u0142\u00f3wna.png\" alt=\"nagroda g\u0142\u00f3wna\" width=\"640\" height=\"248\" srcset=\"https:\/\/wolniodnudy.pl\/wp-content\/uploads\/2015\/08\/nagroda-g\u0142\u00f3wna.png 640w, https:\/\/wolniodnudy.pl\/wp-content\/uploads\/2015\/08\/nagroda-g\u0142\u00f3wna-300x116.png 300w, https:\/\/wolniodnudy.pl\/wp-content\/uploads\/2015\/08\/nagroda-g\u0142\u00f3wna-550x213.png 550w, https:\/\/wolniodnudy.pl\/wp-content\/uploads\/2015\/08\/nagroda-g\u0142\u00f3wna-230x89.png 230w\" sizes=\"(max-width: 640px) 100vw, 640px\" \/><\/a><\/p>\n<p><a href=\"https:\/\/wolniodnudy.pl\/wp-content\/uploads\/2015\/08\/nagrody-g\u0142\u00f3wne.png\"><img decoding=\"async\" loading=\"lazy\" class=\"aligncenter size-full wp-image-533\" src=\"https:\/\/wolniodnudy.pl\/wp-content\/uploads\/2015\/08\/nagrody-g\u0142\u00f3wne.png\" alt=\"nagrody g\u0142\u00f3wne\" width=\"640\" height=\"220\" srcset=\"https:\/\/wolniodnudy.pl\/wp-content\/uploads\/2015\/08\/nagrody-g\u0142\u00f3wne.png 640w, https:\/\/wolniodnudy.pl\/wp-content\/uploads\/2015\/08\/nagrody-g\u0142\u00f3wne-300x103.png 300w, https:\/\/wolniodnudy.pl\/wp-content\/uploads\/2015\/08\/nagrody-g\u0142\u00f3wne-550x189.png 550w, https:\/\/wolniodnudy.pl\/wp-content\/uploads\/2015\/08\/nagrody-g\u0142\u00f3wne-230x79.png 230w\" sizes=\"(max-width: 640px) 100vw, 640px\" \/><\/a><\/p>\n<p><strong>Nagrody II stopnia<\/strong> otrzymuj\u0105 <strong>Adam, Filip i Patrycja<\/strong>.<br \/>\nProjekty &#8222;R\u00f3\u017cyczka&#8221;, &#8222;Kruk&#8221; i &#8222;P\u0119dz\u0105cy ko\u0144&#8221; bardzo mi si\u0119 podoba\u0142y.<br \/>\nWymaga\u0142y jednak drobnej korekty, po kt\u00f3rej doczeka\u0142y si\u0119 realizacji &#8211; na zdj\u0119ciach poni\u017cej.<\/p>\n<p><a href=\"https:\/\/wolniodnudy.pl\/wp-content\/uploads\/2015\/08\/Nagroda-II.png\"><img decoding=\"async\" loading=\"lazy\" class=\"aligncenter size-full wp-image-507\" src=\"https:\/\/wolniodnudy.pl\/wp-content\/uploads\/2015\/08\/Nagroda-II.png\" alt=\"Nagroda II\" width=\"640\" height=\"179\" srcset=\"https:\/\/wolniodnudy.pl\/wp-content\/uploads\/2015\/08\/Nagroda-II.png 640w, https:\/\/wolniodnudy.pl\/wp-content\/uploads\/2015\/08\/Nagroda-II-300x84.png 300w, https:\/\/wolniodnudy.pl\/wp-content\/uploads\/2015\/08\/Nagroda-II-550x154.png 550w, https:\/\/wolniodnudy.pl\/wp-content\/uploads\/2015\/08\/Nagroda-II-230x64.png 230w\" sizes=\"(max-width: 640px) 100vw, 640px\" \/><\/a><\/p>\n<p><a href=\"https:\/\/wolniodnudy.pl\/wp-content\/uploads\/2015\/08\/Bez-tytu\u0142u.png\"><img decoding=\"async\" loading=\"lazy\" class=\"aligncenter size-full wp-image-534\" src=\"https:\/\/wolniodnudy.pl\/wp-content\/uploads\/2015\/08\/Bez-tytu\u0142u.png\" alt=\"Bez\u00a0tytu\u0142u\" width=\"640\" height=\"263\" srcset=\"https:\/\/wolniodnudy.pl\/wp-content\/uploads\/2015\/08\/Bez-tytu\u0142u.png 640w, https:\/\/wolniodnudy.pl\/wp-content\/uploads\/2015\/08\/Bez-tytu\u0142u-300x123.png 300w, https:\/\/wolniodnudy.pl\/wp-content\/uploads\/2015\/08\/Bez-tytu\u0142u-550x226.png 550w, https:\/\/wolniodnudy.pl\/wp-content\/uploads\/2015\/08\/Bez-tytu\u0142u-230x95.png 230w\" sizes=\"(max-width: 640px) 100vw, 640px\" \/><\/a><\/p>\n<p>Pozosta\u0142e osoby bior\u0105ce udzia\u0142 w konkursie, czyli: <strong>Asia, Adrian, Emilia, Katarzyna i obie Zuzie<\/strong>, otrzymuj\u0105 <strong>wyr\u00f3\u017cnienia<\/strong> w postaci moich witra\u017cy. Wkr\u00f3tce trafi\u0105 one do r\u0105k os\u00f3b wyr\u00f3\u017cnionych.<\/p>\n<p><a href=\"https:\/\/wolniodnudy.pl\/wp-content\/uploads\/2015\/08\/wyr\u00f3\u017cnienia.png\"><img decoding=\"async\" loading=\"lazy\" class=\"aligncenter size-full wp-image-506\" src=\"https:\/\/wolniodnudy.pl\/wp-content\/uploads\/2015\/08\/wyr\u00f3\u017cnienia.png\" alt=\"wyr\u00f3\u017cnienia\" width=\"640\" height=\"312\" srcset=\"https:\/\/wolniodnudy.pl\/wp-content\/uploads\/2015\/08\/wyr\u00f3\u017cnienia.png 640w, https:\/\/wolniodnudy.pl\/wp-content\/uploads\/2015\/08\/wyr\u00f3\u017cnienia-300x146.png 300w, https:\/\/wolniodnudy.pl\/wp-content\/uploads\/2015\/08\/wyr\u00f3\u017cnienia-550x268.png 550w, https:\/\/wolniodnudy.pl\/wp-content\/uploads\/2015\/08\/wyr\u00f3\u017cnienia-230x112.png 230w\" sizes=\"(max-width: 640px) 100vw, 640px\" \/><\/a><\/p>\n<p>Wszystkim bior\u0105cym udzia\u0142 w Konkursie bardzo dzi\u0119kuj\u0119 i zapraszam do udzia\u0142u w kolejnych konkursach. Om\u00f3wienie projekt\u00f3w i ich realizacji wkr\u00f3tce na blogu.<\/p>\n<p>&nbsp;<\/p>\n<p>Jaki\u015b czas temu zaprasza\u0142am do udzia\u0142u w KONKURSIE RYSUNKOWYM NA PROJEKT WITRA\u017bU <strong>&#8222;Co mi w duszy gra&#8221;<\/strong> adresowanym zar\u00f3wno do m\u0142odszych jak i starszych. Niestety nades\u0142ane zg\u0142oszenia (w liczbie tak malej, \u017ce jej nie wspomn\u0119) nie spe\u0142ni\u0142y wymaga\u0144 konkursowych (kwestie wykonalno\u015bci, brak okre\u015blania rozmiar\u00f3w, czy kolor\u00f3w). W zwi\u0105zku z tym konkurs pozostaje nierozstrzygni\u0119ty.<\/p>\n<p>&nbsp;<\/p>\n<p>&nbsp;<\/p>\n<p>&nbsp;<\/p>\n<!-- AddThis Advanced Settings generic via filter on the_content --><!-- AddThis Share Buttons generic via filter on the_content -->","protected":false},"excerpt":{"rendered":"<p>Chwilowo nie planuj\u0119 udzia\u0142u w \u017cadnej imprezie. Gdyby kto\u015b by\u0142 zainteresowany obejrzeniem prac, warsztatami, albo pokazem tworzenia (najch\u0119tniej w obr\u0119bie woj. \u0142\u00f3dzkiego, [&hellip;]<!-- AddThis Advanced Settings generic via filter on get_the_excerpt --><!-- AddThis Share Buttons generic via filter on get_the_excerpt --><\/p>\n","protected":false},"author":1,"featured_media":0,"parent":0,"menu_order":0,"comment_status":"open","ping_status":"open","template":"","meta":{"ngg_post_thumbnail":0},"aioseo_notices":[],"_links":{"self":[{"href":"https:\/\/wolniodnudy.pl\/index.php\/wp-json\/wp\/v2\/pages\/93"}],"collection":[{"href":"https:\/\/wolniodnudy.pl\/index.php\/wp-json\/wp\/v2\/pages"}],"about":[{"href":"https:\/\/wolniodnudy.pl\/index.php\/wp-json\/wp\/v2\/types\/page"}],"author":[{"embeddable":true,"href":"https:\/\/wolniodnudy.pl\/index.php\/wp-json\/wp\/v2\/users\/1"}],"replies":[{"embeddable":true,"href":"https:\/\/wolniodnudy.pl\/index.php\/wp-json\/wp\/v2\/comments?post=93"}],"version-history":[{"count":12,"href":"https:\/\/wolniodnudy.pl\/index.php\/wp-json\/wp\/v2\/pages\/93\/revisions"}],"predecessor-version":[{"id":1258,"href":"https:\/\/wolniodnudy.pl\/index.php\/wp-json\/wp\/v2\/pages\/93\/revisions\/1258"}],"wp:attachment":[{"href":"https:\/\/wolniodnudy.pl\/index.php\/wp-json\/wp\/v2\/media?parent=93"}],"curies":[{"name":"wp","href":"https:\/\/api.w.org\/{rel}","templated":true}]}}