{"id":87,"date":"2015-08-19T08:25:19","date_gmt":"2015-08-19T06:25:19","guid":{"rendered":"http:\/\/wolniodnudy.pl\/?page_id=87"},"modified":"2015-08-19T08:59:29","modified_gmt":"2015-08-19T06:59:29","slug":"galeria","status":"publish","type":"page","link":"https:\/\/wolniodnudy.pl\/index.php\/galeria\/","title":{"rendered":"Galeria"},"content":{"rendered":"<p><div class=\"ngg-albumoverview\">\n            <div class=\"ngg-album-compact\">\n            <div class=\"ngg-album-compactbox\">\n                <div class=\"ngg-album-link\">\n                                        <a title='Bo fantazja'\n                       href='https:\/\/wolniodnudy.pl\/index.php\/galeria\/nggallery\/witraze\/moja-fantazja'>\n                        <img class=\"Thumb\"\n                             alt=\"Bo fantazja\"\n                             src=\"https:\/\/wolniodnudy.pl\/wp-content\/gallery\/moja-fantazja\/cache\/20150819_152148.jpg-nggid0250-ngg0dyn-91x68-00f0w010c011r110f110r010t010.jpg\"\/>\n                    <\/a>\n                                    <\/div>\n            <\/div>\n                        <h4>\n                <a class='ngg-album-desc' title='Bo fantazja'\n                       href='https:\/\/wolniodnudy.pl\/index.php\/galeria\/nggallery\/witraze\/moja-fantazja'style=\"max-width: 111px\">Bo fantazja<\/a>\n            <\/h4>\n            <p class=\"ngg-album-gallery-image-counter\">\n                                    <strong>18<\/strong>&nbsp;Zdj\u0119\u0107                            <\/p>\n        <\/div>\n            <div class=\"ngg-album-compact\">\n            <div class=\"ngg-album-compactbox\">\n                <div class=\"ngg-album-link\">\n                                        <a title='Fauna i flora'\n                       href='https:\/\/wolniodnudy.pl\/index.php\/galeria\/nggallery\/witraze\/fauna-i-flora'>\n                        <img class=\"Thumb\"\n                             alt=\"Fauna i flora\"\n                             src=\"https:\/\/wolniodnudy.pl\/wp-content\/gallery\/fauna-i-flora\/cache\/koty-ma%C5%82e.jpg-nggid0219-ngg0dyn-91x68-00f0w010c011r110f110r010t010.jpg\"\/>\n                    <\/a>\n                                    <\/div>\n            <\/div>\n                        <h4>\n                <a class='ngg-album-desc' title='Fauna i flora'\n                       href='https:\/\/wolniodnudy.pl\/index.php\/galeria\/nggallery\/witraze\/fauna-i-flora'style=\"max-width: 111px\">Fauna i flora<\/a>\n            <\/h4>\n            <p class=\"ngg-album-gallery-image-counter\">\n                                    <strong>37<\/strong>&nbsp;Zdj\u0119\u0107                            <\/p>\n        <\/div>\n            <div class=\"ngg-album-compact\">\n            <div class=\"ngg-album-compactbox\">\n                <div class=\"ngg-album-link\">\n                                        <a title='Folk'\n                       href='https:\/\/wolniodnudy.pl\/index.php\/galeria\/nggallery\/witraze\/lowickie'>\n                        <img class=\"Thumb\"\n                             alt=\"Folk\"\n                             src=\"https:\/\/wolniodnudy.pl\/wp-content\/gallery\/lowickie\/cache\/folk-na-bia%C5%82ym.jpg-nggid0247-ngg0dyn-91x68-00f0w010c011r110f110r010t010.jpg\"\/>\n                    <\/a>\n                                    <\/div>\n            <\/div>\n                        <h4>\n                <a class='ngg-album-desc' title='Folk'\n                       href='https:\/\/wolniodnudy.pl\/index.php\/galeria\/nggallery\/witraze\/lowickie'style=\"max-width: 111px\">Folk<\/a>\n            <\/h4>\n            <p class=\"ngg-album-gallery-image-counter\">\n                                    <strong>9<\/strong>&nbsp;Zdj\u0119\u0107                            <\/p>\n        <\/div>\n            <div class=\"ngg-album-compact\">\n            <div class=\"ngg-album-compactbox\">\n                <div class=\"ngg-album-link\">\n                                        <a title='Dmuchawce latawce wiatr'\n                       href='https:\/\/wolniodnudy.pl\/index.php\/galeria\/nggallery\/witraze\/dmuchawce-latawce-wiatr'>\n                        <img class=\"Thumb\"\n                             alt=\"Dmuchawce latawce wiatr\"\n                             src=\"https:\/\/wolniodnudy.pl\/wp-content\/gallery\/dmuchawce-latawce-wiatr\/cache\/pi%C3%B3ra-na-bia%C5%82aym-1.jpg-nggid0296-ngg0dyn-91x68-00f0w010c011r110f110r010t010.jpg\"\/>\n                    <\/a>\n                                    <\/div>\n            <\/div>\n                        <h4>\n                <a class='ngg-album-desc' title='Dmuchawce latawce wiatr'\n                       href='https:\/\/wolniodnudy.pl\/index.php\/galeria\/nggallery\/witraze\/dmuchawce-latawce-wiatr'style=\"max-width: 111px\">Dmuchawce latawce wiatr<\/a>\n            <\/h4>\n            <p class=\"ngg-album-gallery-image-counter\">\n                                    <strong>26<\/strong>&nbsp;Zdj\u0119\u0107                            <\/p>\n        <\/div>\n            <div class=\"ngg-album-compact\">\n            <div class=\"ngg-album-compactbox\">\n                <div class=\"ngg-album-link\">\n                                        <a title='Remanenty'\n                       href='https:\/\/wolniodnudy.pl\/index.php\/galeria\/nggallery\/witraze\/remanenty'>\n                        <img class=\"Thumb\"\n                             alt=\"Remanenty\"\n                             src=\"https:\/\/wolniodnudy.pl\/wp-content\/gallery\/remanenty\/cache\/20150811_105631.jpg-nggid03108-ngg0dyn-91x68-00f0w010c011r110f110r010t010.jpg\"\/>\n                    <\/a>\n                                    <\/div>\n            <\/div>\n                        <h4>\n                <a class='ngg-album-desc' title='Remanenty'\n                       href='https:\/\/wolniodnudy.pl\/index.php\/galeria\/nggallery\/witraze\/remanenty'style=\"max-width: 111px\">Remanenty<\/a>\n            <\/h4>\n            <p class=\"ngg-album-gallery-image-counter\">\n                                    <strong>20<\/strong>&nbsp;Zdj\u0119\u0107                            <\/p>\n        <\/div>\n        <br class=\"ngg-clear\"\/>\n    <div class='ngg-clear'><\/div><\/div>\n<\/p>\n<!-- AddThis Advanced Settings generic via filter on the_content --><!-- AddThis Share Buttons generic via filter on the_content -->","protected":false},"excerpt":{"rendered":"<p>Bo fantazja 18&nbsp;Zdj\u0119\u0107 Fauna i flora 37&nbsp;Zdj\u0119\u0107 Folk 9&nbsp;Zdj\u0119\u0107 Dmuchawce latawce wiatr 26&nbsp;Zdj\u0119\u0107 Remanenty 20&nbsp;Zdj\u0119\u0107<!-- AddThis Advanced Settings generic via filter on get_the_excerpt --><!-- AddThis Share Buttons generic via filter on get_the_excerpt --><\/p>\n","protected":false},"author":1,"featured_media":0,"parent":0,"menu_order":0,"comment_status":"open","ping_status":"open","template":"","meta":{"ngg_post_thumbnail":0},"aioseo_notices":[],"_links":{"self":[{"href":"https:\/\/wolniodnudy.pl\/index.php\/wp-json\/wp\/v2\/pages\/87"}],"collection":[{"href":"https:\/\/wolniodnudy.pl\/index.php\/wp-json\/wp\/v2\/pages"}],"about":[{"href":"https:\/\/wolniodnudy.pl\/index.php\/wp-json\/wp\/v2\/types\/page"}],"author":[{"embeddable":true,"href":"https:\/\/wolniodnudy.pl\/index.php\/wp-json\/wp\/v2\/users\/1"}],"replies":[{"embeddable":true,"href":"https:\/\/wolniodnudy.pl\/index.php\/wp-json\/wp\/v2\/comments?post=87"}],"version-history":[{"count":2,"href":"https:\/\/wolniodnudy.pl\/index.php\/wp-json\/wp\/v2\/pages\/87\/revisions"}],"predecessor-version":[{"id":162,"href":"https:\/\/wolniodnudy.pl\/index.php\/wp-json\/wp\/v2\/pages\/87\/revisions\/162"}],"wp:attachment":[{"href":"https:\/\/wolniodnudy.pl\/index.php\/wp-json\/wp\/v2\/media?parent=87"}],"curies":[{"name":"wp","href":"https:\/\/api.w.org\/{rel}","templated":true}]}}