{"id":82,"date":"2015-08-19T08:11:07","date_gmt":"2015-08-19T06:11:07","guid":{"rendered":"http:\/\/wolniodnudy.pl\/?page_id=82"},"modified":"2019-04-09T17:54:31","modified_gmt":"2019-04-09T15:54:31","slug":"strona-glowna","status":"publish","type":"page","link":"https:\/\/wolniodnudy.pl\/","title":{"rendered":"Strona g\u0142\u00f3wna"},"content":{"rendered":"<header class=\"entry-header\">\n<h2 class=\"entry-title\"><span style=\"color: #ff0000;\">Wolni od nudy<\/span><\/h2>\n<\/header>\n<div class=\"entry-content\">\n<p>Nuda&#8230; s\u0142owo, kt\u00f3re nie wyst\u0119puje w moim s\u0142owniku.<\/p>\n<p>Jak si\u0119 nudzi\u0107 skoro wok\u00f3\u0142 jest tyle rzeczy wartych spr\u00f3bowania, obejrzenie, zrobienia?<\/p>\n<p><span style=\"color: #000000;\">Wszystkich, <\/span><\/p>\n<ul>\n<li><span style=\"color: #000000;\">kt\u00f3rzy wci\u0105\u017c poszukuj\u0105 swojego miejsca, <\/span><\/li>\n<li><span style=\"color: #000000;\">kt\u00f3rych nie ogranicza horyzont, czas, <\/span><\/li>\n<li><span style=\"color: #000000;\">kt\u00f3rzy nie szukaj\u0105 wym\u00f3wek, a co najwy\u017cej pr\u00f3buj\u0105 ustali\u0107 kolejno\u015b\u0107 poznawania \u015bwiata<\/span><\/li>\n<\/ul>\n<p><span style=\"color: #000000;\">zapraszam na kursy i warsztaty (bli\u017csze i dalsze okolice Zelowa &#8211; woj. \u0142\u00f3dzkie), do czytania <a href=\"https:\/\/wolniodnudy.pl\/index.php\/category\/blog-manualnie\/\">bloga po\u015bwi\u0119coneg technikom kreatywnym<\/a>, <a href=\"https:\/\/wolniodnudy.pl\/index.php\/category\/blog-kulinaria\/\">bloga kulinarnego<\/a>\u00a0oraz na moje strony:<\/span><\/p>\n<p><span style=\"color: #000000;\"><a href=\"https:\/\/wolniodnudy.pl\/index.php\/manualnie\/\">&#8211; <strong>manualnie.wolniodnudy.pl <\/strong><\/a>&#8211; na kt\u00f3rej g\u0142\u00f3wnym tematem s\u0105 witra\u017ce &#8211; jedno z moich <\/span><span style=\"color: #000000;\">hobby, co\u015b co nie tylko pozwala oderwa\u0107 si\u0119 od my\u015blenia o tym co dzisiaj, a co jutro, ale tak\u017ce wykaza\u0107 si\u0119 mojej kreatywno\u015bci i &#8211; mam tak\u0105 nadziej\u0119 &#8211; sprawi\u0107 przyjemno\u015b\u0107 innym.<br \/>\n<\/span><span style=\"color: #000000;\">P<\/span><span style=\"color: #000000;\">okazuj\u0119 moje prace, <\/span><span style=\"color: #000000;\">odkrywam etapy przygotowania witra\u017cy, opowiadam co dzieje si\u0119 w moim warsztacie i poza nim, udzielam <\/span><span style=\"color: #000000;\">informacji o tym gdzie mo\u017cna zobaczy\u0107 lub zakupi\u0107 moje prace, albo spr\u00f3bowa\u0107 swych si\u0142 w pracy ze szk\u0142em;<\/span><\/p>\n<p><span style=\"color: #000000;\"><a href=\"https:\/\/wolniodnudy.pl\/index.php\/kulinarnie\/\">&#8211; <strong>kulinaria.wolniodnudy.pl<\/strong> <\/a>\u2013 z przepisami na dania niezwyk\u0142e, b\u0105d\u017a z udzia\u0142em produkt\u00f3w bliskich, ale nieznanych; nie zabraknie tu przepis\u00f3w na nalewki, opis\u00f3w ro\u015blin jadalnych, po kt\u00f3re trzeba samemu uda\u0107 si\u0119 na \u0142\u0105k\u0119 lub do lasu, albo kt\u00f3rych wypatrzenie na p\u00f3\u0142kach sklepowych jest wyzwaniem;<\/span><\/p>\n<p><span style=\"color: #000000;\"><a href=\"https:\/\/wolniodnudy.pl\/index.php\/podroze\/\">&#8211; <strong>podroze.wolniodnudy.pl<\/strong><\/a> na kt\u00f3rej opowiadam o mojej fascynacji miejscami bliskimi i tymi dalszymi, przede wszystkim o odkryciach miejsc niezwyk\u0142ych, dziwnych lub szalonych, albo sposob\u00f3w na sp\u0119dzanie czasu.<\/span><\/p>\n<p><span style=\"color: #ffffff;\">&#8211; <strong>fascynacje.wolniodnudy.pl<\/strong> o wszystkim co nie mie\u015bci si\u0119 w poprzednich kategoriach, a co przykuwa moj\u0105 uwag\u0119.<\/span><\/p>\n<\/div>\n<!-- AddThis Advanced Settings generic via filter on the_content --><!-- AddThis Share Buttons generic via filter on the_content -->","protected":false},"excerpt":{"rendered":"<p>Wolni od nudy Nuda&#8230; s\u0142owo, kt\u00f3re nie wyst\u0119puje w moim s\u0142owniku. Jak si\u0119 nudzi\u0107 skoro wok\u00f3\u0142 jest tyle rzeczy wartych spr\u00f3bowania, obejrzenie, [&hellip;]<!-- AddThis Advanced Settings generic via filter on get_the_excerpt --><!-- AddThis Share Buttons generic via filter on get_the_excerpt --><\/p>\n","protected":false},"author":1,"featured_media":0,"parent":0,"menu_order":0,"comment_status":"closed","ping_status":"closed","template":"","meta":{"ngg_post_thumbnail":0},"aioseo_notices":[],"_links":{"self":[{"href":"https:\/\/wolniodnudy.pl\/index.php\/wp-json\/wp\/v2\/pages\/82"}],"collection":[{"href":"https:\/\/wolniodnudy.pl\/index.php\/wp-json\/wp\/v2\/pages"}],"about":[{"href":"https:\/\/wolniodnudy.pl\/index.php\/wp-json\/wp\/v2\/types\/page"}],"author":[{"embeddable":true,"href":"https:\/\/wolniodnudy.pl\/index.php\/wp-json\/wp\/v2\/users\/1"}],"replies":[{"embeddable":true,"href":"https:\/\/wolniodnudy.pl\/index.php\/wp-json\/wp\/v2\/comments?post=82"}],"version-history":[{"count":19,"href":"https:\/\/wolniodnudy.pl\/index.php\/wp-json\/wp\/v2\/pages\/82\/revisions"}],"predecessor-version":[{"id":2814,"href":"https:\/\/wolniodnudy.pl\/index.php\/wp-json\/wp\/v2\/pages\/82\/revisions\/2814"}],"wp:attachment":[{"href":"https:\/\/wolniodnudy.pl\/index.php\/wp-json\/wp\/v2\/media?parent=82"}],"curies":[{"name":"wp","href":"https:\/\/api.w.org\/{rel}","templated":true}]}}