{"id":751,"date":"2015-10-03T13:13:01","date_gmt":"2015-10-03T11:13:01","guid":{"rendered":"http:\/\/wolniodnudy.pl\/?page_id=751"},"modified":"2015-10-03T13:13:01","modified_gmt":"2015-10-03T11:13:01","slug":"pascha-nie-tylko-na-wielkanoc","status":"publish","type":"page","link":"https:\/\/wolniodnudy.pl\/index.php\/pascha-nie-tylko-na-wielkanoc\/","title":{"rendered":"Pascha nie tylko na Wielkanoc"},"content":{"rendered":"<p>Przepis jest banalny, a przygotowanie zajmuje nie wi\u0119cej ni\u017c 10 minut.<\/p>\n<p>PASCHA<\/p>\n<p><span style=\"text-decoration: underline;\">Sk\u0142adniki<\/span><\/p>\n<p>6 \u017c\u00f3\u0142tek<\/p>\n<p>1 szklanka cukru<\/p>\n<p>paczka mas\u0142a (200g, ale mo\u017ce by\u0107 i 300g &#8211; mas\u0142a nigdy za du\u017co;)<\/p>\n<p>1kg sera trzykrotnie mielonego (gotowy)<\/p>\n<p>migda\u0142y i nerkowce &#8211; idealnie\u00a0by\u0142oby doda\u0107 do paschy 200g<\/p>\n<p>rodzynki i\/lub \u017curawina &#8211; 100g (w \u017cadnym wypadku nie nale\u017cy ich moczy\u0107)<\/p>\n<p><span style=\"text-decoration: underline;\">Czas przygotowania<\/span><\/p>\n<p>10 min ze zmywaniem + czas oczekiwania na sch\u0142odenie (np. noc)<\/p>\n<p><a href=\"https:\/\/wolniodnudy.pl\/wp-content\/uploads\/2015\/09\/pascha-produkcja.png\"><img decoding=\"async\" loading=\"lazy\" class=\"aligncenter size-full wp-image-626\" src=\"https:\/\/wolniodnudy.pl\/wp-content\/uploads\/2015\/09\/pascha-produkcja.png\" alt=\"pascha produkcja\" width=\"1049\" height=\"446\" srcset=\"https:\/\/wolniodnudy.pl\/wp-content\/uploads\/2015\/09\/pascha-produkcja.png 1049w, https:\/\/wolniodnudy.pl\/wp-content\/uploads\/2015\/09\/pascha-produkcja-300x128.png 300w, https:\/\/wolniodnudy.pl\/wp-content\/uploads\/2015\/09\/pascha-produkcja-1024x435.png 1024w, https:\/\/wolniodnudy.pl\/wp-content\/uploads\/2015\/09\/pascha-produkcja-830x353.png 830w, https:\/\/wolniodnudy.pl\/wp-content\/uploads\/2015\/09\/pascha-produkcja-550x234.png 550w, https:\/\/wolniodnudy.pl\/wp-content\/uploads\/2015\/09\/pascha-produkcja-230x98.png 230w\" sizes=\"(max-width: 1049px) 100vw, 1049px\" \/><\/a><\/p>\n<p>\u017b\u00f3\u0142tka miksuj\u0119 z cukrem do bia\u0142o\u015bci.<\/p>\n<p>Do utartych z cukrem \u017c\u00f3\u0142tek dodaj\u0119 mas\u0142o i miksuj\u0119 na krem (pascha r\u00f3\u017cni si\u0119 w zale\u017cno\u015bci od tego czy dodamy mas\u0142a mi\u0119kkiego, czy z lod\u00f3wki; z mi\u0119kkim mas\u0142em jest bardziej puszysta, z takim z lod\u00f3wki bardziej przypomina krem, kt\u00f3ra lepsza? Nie wiem. Ja wol\u0119 t\u0105 z zimnym mas\u0142em, moja po\u0142\u00f3wka z mi\u0119kkim).<\/p>\n<p>Do kremu nale\u017cy doda\u0107 ser i po\u0142\u0105czy\u0107 (oczywi\u015bcie u\u017cywam do tego miksera). W du\u017cej mierze od u\u017cytego sera zale\u017cy smak paschy. Ostatnio u\u017cy\u0142am W\u0142oszczowej i pierwszy raz sernik by\u0142 prawie p\u0142ynny. Wcze\u015bniej u\u017cywa\u0142am sera z Lidla (Pilos) i efekt by\u0142 powtarzalny i boski.<\/p>\n<p>Migda\u0142y i nerkowce (mog\u0105 by\u0107 i inne orzechy) siekam korzystaj\u0105c z rozdrabniaj\u0105cej przystawki do miksera. Niezbyt drobno.<\/p>\n<p>\u0141\u0105cz\u0119 mas\u0119 serow\u0105 z rodzynkami i orzechami (\u0142y\u017ck\u0105) i przelewam do naczy\u0144.<\/p>\n<p>U\u017cywam&#8230; tealight\u00f3w z Ikei &#8211; wg mnie s\u0105 idealne do deser\u00f3w je\u015bli chodzi o wielko\u015b\u0107. Mo\u017cna u\u017cy\u0107 i wi\u0119kszych kieliszk\u00f3w, albo ma\u0142ych szklaneczek. Deser jest s\u0142odki i syc\u0105cy, wi\u0119c lepiej \u017ceby naczynia nie by\u0142y za du\u017ce.<\/p>\n<p>Z podanej ilo\u015bci wychodzi 12-13 sztuk plus miska do wylizania.<\/p>\n<p>Z jedzeniem najlepiej poczeka\u0107 jest do sch\u0142odzenia, np. przez noc.<\/p>\n<p><a href=\"https:\/\/wolniodnudy.pl\/wp-content\/uploads\/2015\/09\/pascha.png\"><img decoding=\"async\" loading=\"lazy\" class=\"aligncenter size-full wp-image-625\" src=\"https:\/\/wolniodnudy.pl\/wp-content\/uploads\/2015\/09\/pascha.png\" alt=\"pascha\" width=\"782\" height=\"521\" srcset=\"https:\/\/wolniodnudy.pl\/wp-content\/uploads\/2015\/09\/pascha.png 782w, https:\/\/wolniodnudy.pl\/wp-content\/uploads\/2015\/09\/pascha-300x200.png 300w, https:\/\/wolniodnudy.pl\/wp-content\/uploads\/2015\/09\/pascha-550x366.png 550w, https:\/\/wolniodnudy.pl\/wp-content\/uploads\/2015\/09\/pascha-230x153.png 230w\" sizes=\"(max-width: 782px) 100vw, 782px\" \/><\/a><\/p>\n<!-- AddThis Advanced Settings generic via filter on the_content --><!-- AddThis Share Buttons generic via filter on the_content -->","protected":false},"excerpt":{"rendered":"<p>Przepis jest banalny, a przygotowanie zajmuje nie wi\u0119cej ni\u017c 10 minut. PASCHA Sk\u0142adniki 6 \u017c\u00f3\u0142tek 1 szklanka cukru paczka mas\u0142a (200g, ale [&hellip;]<!-- AddThis Advanced Settings generic via filter on get_the_excerpt --><!-- AddThis Share Buttons generic via filter on get_the_excerpt --><\/p>\n","protected":false},"author":1,"featured_media":0,"parent":0,"menu_order":0,"comment_status":"closed","ping_status":"closed","template":"","meta":{"ngg_post_thumbnail":0},"aioseo_notices":[],"_links":{"self":[{"href":"https:\/\/wolniodnudy.pl\/index.php\/wp-json\/wp\/v2\/pages\/751"}],"collection":[{"href":"https:\/\/wolniodnudy.pl\/index.php\/wp-json\/wp\/v2\/pages"}],"about":[{"href":"https:\/\/wolniodnudy.pl\/index.php\/wp-json\/wp\/v2\/types\/page"}],"author":[{"embeddable":true,"href":"https:\/\/wolniodnudy.pl\/index.php\/wp-json\/wp\/v2\/users\/1"}],"replies":[{"embeddable":true,"href":"https:\/\/wolniodnudy.pl\/index.php\/wp-json\/wp\/v2\/comments?post=751"}],"version-history":[{"count":1,"href":"https:\/\/wolniodnudy.pl\/index.php\/wp-json\/wp\/v2\/pages\/751\/revisions"}],"predecessor-version":[{"id":752,"href":"https:\/\/wolniodnudy.pl\/index.php\/wp-json\/wp\/v2\/pages\/751\/revisions\/752"}],"wp:attachment":[{"href":"https:\/\/wolniodnudy.pl\/index.php\/wp-json\/wp\/v2\/media?parent=751"}],"curies":[{"name":"wp","href":"https:\/\/api.w.org\/{rel}","templated":true}]}}