{"id":748,"date":"2015-10-03T13:10:42","date_gmt":"2015-10-03T11:10:42","guid":{"rendered":"http:\/\/wolniodnudy.pl\/?page_id=748"},"modified":"2015-10-03T13:10:42","modified_gmt":"2015-10-03T11:10:42","slug":"carbonara-alla-polacca","status":"publish","type":"page","link":"https:\/\/wolniodnudy.pl\/index.php\/carbonara-alla-polacca\/","title":{"rendered":"Carbonara alla polacca"},"content":{"rendered":"<p>Zmodyfikowany przepis na carbonar\u0119, czyli<br \/>\nCARBONARA ALLA POLACCA<br \/>\n<img decoding=\"async\" loading=\"lazy\" class=\"aligncenter size-full wp-image-728\" src=\"https:\/\/wolniodnudy.pl\/wp-content\/uploads\/2015\/09\/Carbonara.png\" alt=\"Carbonara\" width=\"626\" height=\"480\" srcset=\"https:\/\/wolniodnudy.pl\/wp-content\/uploads\/2015\/09\/Carbonara.png 626w, https:\/\/wolniodnudy.pl\/wp-content\/uploads\/2015\/09\/Carbonara-300x230.png 300w, https:\/\/wolniodnudy.pl\/wp-content\/uploads\/2015\/09\/Carbonara-550x422.png 550w, https:\/\/wolniodnudy.pl\/wp-content\/uploads\/2015\/09\/Carbonara-230x176.png 230w\" sizes=\"(max-width: 626px) 100vw, 626px\" \/><\/p>\n<p style=\"text-align: left;\">PRZEPIS na 4 du\u017ce porcje<\/p>\n<p style=\"text-align: left;\"><u>Sk\u0142adniki:<br \/>\n<\/u>3 \u015bredniej wielko\u015bci cebule<br \/>\n25 dkg surowego w\u0119dzonego boczku<br \/>\nserek \u201epuszysty\u201d\/filadelfia<br \/>\n500g makaronu: rurki (penne)\/wst\u0105\u017cki (tagliatelle)\/\u015bwiderki, albo inne, kt\u00f3re lubicie<br \/>\nOlej do sma\u017cenia (ja u\u017cywam ry\u017cowego, albo z pestek z winogron) 3-4 \u0142y\u017cki<br \/>\nNatka pietruszki (a je\u015bli nie lubicie to szczypiorek lub inna zielenina)<\/p>\n<p style=\"text-align: left;\"><u>Czas przygotowania: <\/u>10-15 minut<\/p>\n<p>Nastawcie wod\u0119 na makaron, a na patelni rozgrzejcie olej.<br \/>\nCebul\u0119 nale\u017cy pokroi\u0107 w kostk\u0119 (lub drobniej) i podsma\u017cy\u0107 w garnku na rozgrzanym oleju.<br \/>\nWrz\u0105c\u0105 wod\u0119 trzeba posoli\u0107 (ok. dwie \u0142y\u017ceczki soli) i zagotowa\u0107 makaron. Z regu\u0142y al dente gotuje si\u0119 2-3 minuty d\u0142u\u017cej ani\u017celi w przepisie na opakowaniu.<br \/>\nBoczek pokroi\u0107 w s\u0142upki\/kostk\u0119. Kiedy cebula si\u0119 zeszkli doda\u0107 do niej boczek i dusi\u0107 razem a\u017c do momentu kiedy makaron si\u0119 ugotuje.<br \/>\nMakaron odcedzi\u0107, ale nie hartowa\u0107 (\u017ceby nie studzi\u0107, makaronu jednak lepiej nie gotowa\u0107 &#8222;na za\u015b&#8221;).<br \/>\nRozprowadzi\u0107 serek w boczku z cebul\u0105 i doda\u0107 makaron do gor\u0105cego sosu (tak robi\u0105 W\u0142osi). Dzi\u0119ki temu ca\u0142y makaron zostanie pokryty sosem, a wszystko b\u0119dzie gor\u0105ce.<br \/>\nNa\u0142o\u017cy\u0107 na talerze i posypa\u0107 zielenin\u0105.<\/p>\n<!-- AddThis Advanced Settings generic via filter on the_content --><!-- AddThis Share Buttons generic via filter on the_content -->","protected":false},"excerpt":{"rendered":"<p>Zmodyfikowany przepis na carbonar\u0119, czyli CARBONARA ALLA POLACCA PRZEPIS na 4 du\u017ce porcje Sk\u0142adniki: 3 \u015bredniej wielko\u015bci cebule 25 dkg surowego w\u0119dzonego [&hellip;]<!-- AddThis Advanced Settings generic via filter on get_the_excerpt --><!-- AddThis Share Buttons generic via filter on get_the_excerpt --><\/p>\n","protected":false},"author":1,"featured_media":0,"parent":0,"menu_order":0,"comment_status":"closed","ping_status":"closed","template":"","meta":{"ngg_post_thumbnail":0},"aioseo_notices":[],"_links":{"self":[{"href":"https:\/\/wolniodnudy.pl\/index.php\/wp-json\/wp\/v2\/pages\/748"}],"collection":[{"href":"https:\/\/wolniodnudy.pl\/index.php\/wp-json\/wp\/v2\/pages"}],"about":[{"href":"https:\/\/wolniodnudy.pl\/index.php\/wp-json\/wp\/v2\/types\/page"}],"author":[{"embeddable":true,"href":"https:\/\/wolniodnudy.pl\/index.php\/wp-json\/wp\/v2\/users\/1"}],"replies":[{"embeddable":true,"href":"https:\/\/wolniodnudy.pl\/index.php\/wp-json\/wp\/v2\/comments?post=748"}],"version-history":[{"count":1,"href":"https:\/\/wolniodnudy.pl\/index.php\/wp-json\/wp\/v2\/pages\/748\/revisions"}],"predecessor-version":[{"id":749,"href":"https:\/\/wolniodnudy.pl\/index.php\/wp-json\/wp\/v2\/pages\/748\/revisions\/749"}],"wp:attachment":[{"href":"https:\/\/wolniodnudy.pl\/index.php\/wp-json\/wp\/v2\/media?parent=748"}],"curies":[{"name":"wp","href":"https:\/\/api.w.org\/{rel}","templated":true}]}}