{"id":704,"date":"2015-09-27T10:53:34","date_gmt":"2015-09-27T08:53:34","guid":{"rendered":"http:\/\/wolniodnudy.pl\/?page_id=704"},"modified":"2015-09-27T19:30:35","modified_gmt":"2015-09-27T17:30:35","slug":"piknik-lotniczy-w-lasku","status":"publish","type":"page","link":"https:\/\/wolniodnudy.pl\/index.php\/piknik-lotniczy-w-lasku\/","title":{"rendered":"Piknik lotniczy w \u0141asku"},"content":{"rendered":"<p>Od jakiego\u015b czasu mieszkam w pi\u0119knym i cichym miejscu.<br \/>\nNiestety cisz\u0119 t\u0119 przerywa nie wiatr, a raz na jaki\u015b czas przelatuj\u0105ce nad g\u0142ow\u0105 samoloty, g\u0142\u00f3wnie F-16. Poniewa\u017c mog\u0119 obserwowa\u0107 je do woli, wi\u0119c udzia\u0142 w Pikniku nie wydawa\u0142 mi si\u0119 zach\u0119caj\u0105cy.<br \/>\nNa imprez\u0119 jednak wybierali si\u0119 znajomi i uzna\u0142am, \u017ce b\u0119dzie to dobra okazja, \u017ceby z bliska przyjrze\u0107 si\u0119 sk\u0105d bior\u0105 si\u0119 te stalowe ptaki. Zamierza\u0142am pojecha\u0107 na lotnisko na rowerze &#8211; w ko\u0144cu to tylko kilka kilometr\u00f3w, ale pogoda, jak zwykle w przypadku Pikniku, nie dopisa\u0142a. Wyjechali\u015bmy p\u00f3\u017ano, bo prawie r\u00f3wno ze startem pierwszych samolot\u00f3w. Prawie w tym samym momencie zadzwonili znajomi i powiedzieli, \u017ce ju\u017c od 40 minut stoj\u0105 w korku na S8 przed zjazdem na \u0141ask. My na szcz\u0119\u015bcie wybrali\u015bmy boczn\u0105 drog\u0119 i bez wi\u0119kszych komplikacji, cho\u0107 nie w zawrotnym tempie,\u00a0dotarli\u015bmy na lotnisko. Podobno mieli\u015bmy szcz\u0119\u015bcie, bo godzin\u0119 p\u00f3\u017aniej i ta droga zosta\u0142a zamkni\u0119ta.<br \/>\nZnajomi na lotnisko nie dotarli w og\u00f3le, a w szczytowym momencie korek si\u0119ga\u0142 8 kilometr\u00f3w. Cz\u0119\u015b\u0107 ludzi tkwi\u0142a w nim kilka godzin &#8211;\u00a0tak przy wje\u017adzie, jak i przy wyje\u017adzie.<\/p>\n<p>Czy warto by\u0142o si\u0119 na Piknik wybra\u0107?<br \/>\nO ile\u00a0uda\u0142o si\u0119 dotrze\u0107, to niew\u0105tpliwie tak.<br \/>\nPo pierwsze, to unikalna okazja, \u017ceby obejrze\u0107 baz\u0119.<br \/>\nPogoda nie dopisa\u0142a, wi\u0119c zdj\u0119cia nie s\u0105 zbyt atrakcyjne, ale za to wszystko w tym samym stalowym kolorze;)<\/p>\n<p><a href=\"https:\/\/wolniodnudy.pl\/wp-content\/uploads\/2015\/09\/baza.png\"><img decoding=\"async\" loading=\"lazy\" class=\"aligncenter size-full wp-image-708\" src=\"https:\/\/wolniodnudy.pl\/wp-content\/uploads\/2015\/09\/baza.png\" alt=\"baza\" width=\"640\" height=\"239\" srcset=\"https:\/\/wolniodnudy.pl\/wp-content\/uploads\/2015\/09\/baza.png 640w, https:\/\/wolniodnudy.pl\/wp-content\/uploads\/2015\/09\/baza-300x112.png 300w, https:\/\/wolniodnudy.pl\/wp-content\/uploads\/2015\/09\/baza-550x205.png 550w, https:\/\/wolniodnudy.pl\/wp-content\/uploads\/2015\/09\/baza-230x86.png 230w\" sizes=\"(max-width: 640px) 100vw, 640px\" \/><\/a><\/p>\n<p>Ludzi by\u0142o mn\u00f3stwo. Piknik, to taki jarmark\u00a0o tematyce wojskowej: mundury, samoloty, samolociki, a do tego oblegane punkty gastronomiczne. Mo\u017cna by\u0142o tak\u017ce sfotografowa\u0107 si\u0119 z \u017co\u0142nierzami, albo samolotem, wsi\u0105\u015b\u0107 do symulatora dachowania, a tak\u017ce dowiedzie\u0107 si\u0119, czy i jak mo\u017cna wst\u0105pi\u0107 do polskiego wojska, czy stra\u017cy po\u017carnej.\u00a0<img decoding=\"async\" loading=\"lazy\" class=\"aligncenter size-full wp-image-705\" src=\"https:\/\/wolniodnudy.pl\/wp-content\/uploads\/2015\/09\/jarmark.png\" alt=\"jarmark\" width=\"640\" height=\"384\" srcset=\"https:\/\/wolniodnudy.pl\/wp-content\/uploads\/2015\/09\/jarmark.png 640w, https:\/\/wolniodnudy.pl\/wp-content\/uploads\/2015\/09\/jarmark-300x180.png 300w, https:\/\/wolniodnudy.pl\/wp-content\/uploads\/2015\/09\/jarmark-550x330.png 550w, https:\/\/wolniodnudy.pl\/wp-content\/uploads\/2015\/09\/jarmark-230x138.png 230w\" sizes=\"(max-width: 640px) 100vw, 640px\" \/><\/p>\n<p>O godzinie 12, czyli ze sporym op\u00f3\u017anieniem rozpocz\u0119\u0142y si\u0119 pokazy.<br \/>\n\u017badne zdj\u0119cia, ani zreszt\u0105 film, nie oddadz\u0105 tego, co mo\u017cna by\u0142o zobaczy\u0107, a przy okazji i us\u0142ysze\u0107.<br \/>\nNa niebie poza akrobacjami F-16, mo\u017cna by\u0142o zobaczy\u0107\u00a0Su-22, Mig-29, oraz Iskry, a tak\u017ce spadochroniarzy.<br \/>\nNa mnie ogromne wra\u017cenie wywar\u0142 przelot olbrzymiego samolotu transportowego.<img decoding=\"async\" loading=\"lazy\" class=\"aligncenter size-full wp-image-706\" src=\"https:\/\/wolniodnudy.pl\/wp-content\/uploads\/2015\/09\/na-niebie.png\" alt=\"na niebie\" width=\"640\" height=\"319\" srcset=\"https:\/\/wolniodnudy.pl\/wp-content\/uploads\/2015\/09\/na-niebie.png 640w, https:\/\/wolniodnudy.pl\/wp-content\/uploads\/2015\/09\/na-niebie-300x150.png 300w, https:\/\/wolniodnudy.pl\/wp-content\/uploads\/2015\/09\/na-niebie-550x274.png 550w, https:\/\/wolniodnudy.pl\/wp-content\/uploads\/2015\/09\/na-niebie-230x115.png 230w\" sizes=\"(max-width: 640px) 100vw, 640px\" \/><\/p>\n<p>Na p\u0142ycie lotniska mo\u017cna by\u0142o z bliska, a nawet z bardzo bliska, obejrze\u0107 samoloty, \u015bmig\u0142owce, bro\u0144 oraz mundury.<br \/>\nDo niekt\u00f3rych samolot\u00f3w mo\u017cna by\u0142o wsi\u0105\u015b\u0107, a ze wszystkimi sfotografowa\u0107 si\u0119.<img decoding=\"async\" loading=\"lazy\" class=\"aligncenter size-full wp-image-707\" src=\"https:\/\/wolniodnudy.pl\/wp-content\/uploads\/2015\/09\/samoloty.png\" alt=\"samoloty\" width=\"640\" height=\"418\" srcset=\"https:\/\/wolniodnudy.pl\/wp-content\/uploads\/2015\/09\/samoloty.png 640w, https:\/\/wolniodnudy.pl\/wp-content\/uploads\/2015\/09\/samoloty-300x196.png 300w, https:\/\/wolniodnudy.pl\/wp-content\/uploads\/2015\/09\/samoloty-550x359.png 550w, https:\/\/wolniodnudy.pl\/wp-content\/uploads\/2015\/09\/samoloty-230x150.png 230w\" sizes=\"(max-width: 640px) 100vw, 640px\" \/><\/p>\n<p>Czy by\u0142o warto uda\u0107 si\u0119 na Piknik?<br \/>\nOczywi\u015bcie, \u017ce tak, ale najlepiej z \u0141asku doj\u015b\u0107 na lotnisko na\u00a0piechot\u0119, albo przyjecha\u0107 na rowerze.<\/p>\n<p>A je\u015bli chcecie poogl\u0105da\u0107 samoloty na niebie, to dowolnego dnia w tygodniu (w weekendy \u0107wiczenia si\u0119 nie odbywaj\u0105) wystarczy podjecha\u0107 w okolice lotniska i przy odrobinie szcz\u0119\u015bcia obserwowa\u0107 F-16, czy samoloty CASA.<\/p>\n<p>&nbsp;<\/p>\n<!-- AddThis Advanced Settings generic via filter on the_content --><!-- AddThis Share Buttons generic via filter on the_content -->","protected":false},"excerpt":{"rendered":"<p>Od jakiego\u015b czasu mieszkam w pi\u0119knym i cichym miejscu. Niestety cisz\u0119 t\u0119 przerywa nie wiatr, a raz na jaki\u015b czas przelatuj\u0105ce nad [&hellip;]<!-- AddThis Advanced Settings generic via filter on get_the_excerpt --><!-- AddThis Share Buttons generic via filter on get_the_excerpt --><\/p>\n","protected":false},"author":1,"featured_media":0,"parent":0,"menu_order":0,"comment_status":"closed","ping_status":"closed","template":"","meta":{"ngg_post_thumbnail":0},"aioseo_notices":[],"_links":{"self":[{"href":"https:\/\/wolniodnudy.pl\/index.php\/wp-json\/wp\/v2\/pages\/704"}],"collection":[{"href":"https:\/\/wolniodnudy.pl\/index.php\/wp-json\/wp\/v2\/pages"}],"about":[{"href":"https:\/\/wolniodnudy.pl\/index.php\/wp-json\/wp\/v2\/types\/page"}],"author":[{"embeddable":true,"href":"https:\/\/wolniodnudy.pl\/index.php\/wp-json\/wp\/v2\/users\/1"}],"replies":[{"embeddable":true,"href":"https:\/\/wolniodnudy.pl\/index.php\/wp-json\/wp\/v2\/comments?post=704"}],"version-history":[{"count":4,"href":"https:\/\/wolniodnudy.pl\/index.php\/wp-json\/wp\/v2\/pages\/704\/revisions"}],"predecessor-version":[{"id":714,"href":"https:\/\/wolniodnudy.pl\/index.php\/wp-json\/wp\/v2\/pages\/704\/revisions\/714"}],"wp:attachment":[{"href":"https:\/\/wolniodnudy.pl\/index.php\/wp-json\/wp\/v2\/media?parent=704"}],"curies":[{"name":"wp","href":"https:\/\/api.w.org\/{rel}","templated":true}]}}