{"id":652,"date":"2015-09-23T12:28:10","date_gmt":"2015-09-23T10:28:10","guid":{"rendered":"http:\/\/wolniodnudy.pl\/?page_id=652"},"modified":"2015-09-23T17:42:58","modified_gmt":"2015-09-23T15:42:58","slug":"nieco-dalej","status":"publish","type":"page","link":"https:\/\/wolniodnudy.pl\/index.php\/nieco-dalej\/","title":{"rendered":"Nieco dalej"},"content":{"rendered":"<p>Czyli poza granicami naszego pi\u0119knego kraju.<\/p>\n<p>Najwi\u0119cej b\u0119dzie o W\u0142oszech, bo jestem italofilk\u0105, ale b\u0119dzie i o austriackiej Karyntii i o europejskich parkach rozrywki&#8230;<\/p>\n<p>Dlaczego Dolomity uwa\u017cam za raj na ziemi? Czy we W\u0142oszech na g\u00f3rskich szlakach jest r\u00f3wnie g\u0119sto od turyst\u00f3w jak w polskich Tatrach? Czy Rzymianie i Sycylijczycy je\u017cd\u017c\u0105 na nartach, a je\u015bli tak to gdzie? Gdzie we W\u0142oszech s\u0105 piaszczyste pla\u017ce? Dlaczego w lipcu, czy sierpniu na w\u0142osk\u0105 pla\u017c\u0119 trzeba zabra\u0107 le\u017cak, a nie tylko r\u0119cznik? Czy wybra\u0107 Mirabilandi\u0119, czy Gardaland? Co i gdzie zam\u00f3wi\u0107 do jedzenia?<\/p>\n<p>Dlaczego wyjazd do Karyntii mo\u017ce by\u0107 ta\u0144szy i atrakcyjniejszy ni\u017c w polskie g\u00f3ry? Czy mo\u017cna si\u0119 w Austrii dogada\u0107 po angielsku, albo po w\u0142osku? Czy posi\u0142ki w restauracjach s\u0105 tak drogie jak na to wygl\u0105da?<\/p>\n<p>Gdzie warto wybra\u0107 si\u0119 zim\u0105, \u017ceby zapomnie\u0107 o polskiej zimie?<\/p>\n<p>Czy warto por\u00f3wnywa\u0107 Europa-Park z Mirabilandi\u0105, Gardalandem, MovieParkiem oraz parki o kt\u00f3rych by\u0107 mo\u017ce nie s\u0142yszeli\u015bcie.<\/p>\n<p>To tyle zapowiedzi, a na razie:<\/p>\n<p>W\u0141OCHY &#8211; PIEMONT<\/p>\n<ul>\n<li>Turyn<br \/>\nMuseo del Cinema \u2013 <a href=\"http:\/\/pl.tripadvisor.com\/ShowUserReviews-g187855-d264480-r233417299-National_Cinema_Museum-Turin_Province_of_Turin_Piedmont.html\"><span style=\"color: #216ed3;\">Muzeum Kinematografii<\/span><\/a> \u201cNiesamowite muzeum z nieprzeci\u0119tnym widokiem\u201d<br \/>\nMuzeum Egipskie <a href=\"http:\/\/pl.tripadvisor.com\/ShowUserReviews-g187855-d232105-r233415193-Egyptian_Museum_of_Turin-Turin_Province_of_Turin_Piedmont.html\"><span style=\"color: #216ed3;\">Wielka atrakcja ma\u0142o rado\u015bci<\/span><\/a><\/li>\n<li>Valdieri &#8211; Agriturismo Lu Garun Rus <a href=\"http:\/\/pl.tripadvisor.com\/ShowUserReviews-g2138861-d4007749-r235119998-Agriturismo_Lu_Garun_Rus-Valdieri_Province_of_Cuneo_Piedmont.html\"><span style=\"color: #216ed3;\">Wakacje w Piemoncie<\/span><\/a><\/li>\n<li>Borgo San Dalmazzo &#8211; <a href=\"http:\/\/pl.tripadvisor.com\/ShowUserReviews-g2012043-d4816487-r232346997-La_Pernice-Borgo_San_Dalmazzo_Province_of_Cuneo_Piedmont.html\"><span style=\"color: #216ed3;\">Grzyby na w\u0142oskiej ziemi<\/span><\/a><\/li>\n<\/ul>\n<p>AUSTRIA &#8211; KARYNTIA<\/p>\n<ul>\n<li>Obervellach \u2013 wodospad Groppenstein <a href=\"http:\/\/pl.tripadvisor.com\/ShowUserReviews-g939792-d4546315-r288216274-Groppenstein_Waterfall-Obervellach_Carinthia_Austrian_Alps.html\"><span style=\"color: #216ed3;\">Przepi\u0119kny kanion<\/span><\/a><\/li>\n<li>Flattach \u2013 kanion Raggaschlucht <a href=\"http:\/\/pl.tripadvisor.com\/ShowUserReviews-g807439-d3202608-r288214807-Raggaschlucht-Flattach_Carinthia_Austrian_Alps.html\"><span style=\"color: #216ed3;\">Efekt wow murowany<\/span><\/a><\/li>\n<li>Flattach \u2013 lodowiec Molltaler\u00a0 <a href=\"http:\/\/pl.tripadvisor.com\/ShowUserReviews-g807439-d2547775-r288194852-Molltaler_Gletscher-Flattach_Carinthia_Austrian_Alps.html\"><span style=\"color: #216ed3;\">\u015anieg w lecie<\/span><\/a><\/li>\n<li>Kolbnitz \u2013 kolejka Reisseck <a href=\"http:\/\/pl.tripadvisor.com\/ShowUserReviews-g1187655-d2295626-r288197664-Reisseck_Bergbahnen-Kolbnitz_Carinthia_Austrian_Alps.html\"><span style=\"color: #216ed3;\">Szklarnia z pi\u0119knym widokiem<\/span><\/a><\/li>\n<li>Krauzeck \u2013 kolejka i szlak <a href=\"http:\/\/pl.tripadvisor.com\/ShowUserReviews-g187382-d5948587-r288201136-Kreuzeck-Muenster_North_Rhine_Westphalia.html\"><span style=\"color: #216ed3;\">Przepi\u0119kna panorama i cudowny spacer<\/span><\/a><\/li>\n<\/ul>\n<p>NIEMCY<\/p>\n<ul>\n<li>Rust \u2013 <a href=\"http:\/\/pl.tripadvisor.com\/ShowUserReviews-g488293-d482615-r231996192-Europa_Park-Rust_Baden_Wurttemberg.html\"><span style=\"color: #216ed3;\">Europa-Park<\/span><\/a> \u201cJeden z najlepszych park\u00f3w rozrywki\u201d<\/li>\n<li>Sindelfingen (Badenia-Wirtembergia) \u2013 Sensapolis <a href=\"http:\/\/pl.tripadvisor.com\/ShowUserReviews-g198391-d1892556-r231993197-Sensapolis-Sindelfingen_Baden_Wurttemberg.html\"><span style=\"color: #216ed3;\">Na z\u0142\u0105 (ale i na dobr\u0105) pogod\u0119<\/span><\/a><\/li>\n<li>Stuttgart \u2013 Muzeum Mercedes-Benz Welt <a href=\"http:\/\/pl.tripadvisor.com\/ShowUserReviews-g187291-d243381-r233562195-Mercedes_Benz_Museum-Stuttgart_Baden_Wurttemberg.html\"><span style=\"color: #216ed3;\">Nie tylko dla m\u0119\u017cczyzn<\/span><\/a><\/li>\n<\/ul>\n<p>S\u0141OWENIA<\/p>\n<ul>\n<li>Postojna \u2013 jaskinia <a href=\"http:\/\/pl.tripadvisor.com\/ShowUserReviews-g274878-d277348-r288191385-Postojna_Caves-Postojna_Inner_Carniola_Region.html\"><span style=\"color: #216ed3;\">Niby jaskinia, ale jaka<\/span><\/a><\/li>\n<\/ul>\n<p>&nbsp;<\/p>\n<p>&nbsp;<\/p>\n<p><a href=\"https:\/\/wolniodnudy.pl\/wp-content\/uploads\/2015\/09\/Europa.png\"><img decoding=\"async\" loading=\"lazy\" class=\"aligncenter size-full wp-image-676\" src=\"https:\/\/wolniodnudy.pl\/wp-content\/uploads\/2015\/09\/Europa.png\" alt=\"Europa\" width=\"480\" height=\"497\" srcset=\"https:\/\/wolniodnudy.pl\/wp-content\/uploads\/2015\/09\/Europa.png 480w, https:\/\/wolniodnudy.pl\/wp-content\/uploads\/2015\/09\/Europa-290x300.png 290w, https:\/\/wolniodnudy.pl\/wp-content\/uploads\/2015\/09\/Europa-230x238.png 230w\" sizes=\"(max-width: 480px) 100vw, 480px\" \/><\/a><\/p>\n<!-- AddThis Advanced Settings generic via filter on the_content --><!-- AddThis Share Buttons generic via filter on the_content -->","protected":false},"excerpt":{"rendered":"<p>Czyli poza granicami naszego pi\u0119knego kraju. Najwi\u0119cej b\u0119dzie o W\u0142oszech, bo jestem italofilk\u0105, ale b\u0119dzie i o austriackiej Karyntii i o europejskich [&hellip;]<!-- AddThis Advanced Settings generic via filter on get_the_excerpt --><!-- AddThis Share Buttons generic via filter on get_the_excerpt --><\/p>\n","protected":false},"author":1,"featured_media":0,"parent":0,"menu_order":0,"comment_status":"closed","ping_status":"closed","template":"","meta":{"ngg_post_thumbnail":0},"aioseo_notices":[],"_links":{"self":[{"href":"https:\/\/wolniodnudy.pl\/index.php\/wp-json\/wp\/v2\/pages\/652"}],"collection":[{"href":"https:\/\/wolniodnudy.pl\/index.php\/wp-json\/wp\/v2\/pages"}],"about":[{"href":"https:\/\/wolniodnudy.pl\/index.php\/wp-json\/wp\/v2\/types\/page"}],"author":[{"embeddable":true,"href":"https:\/\/wolniodnudy.pl\/index.php\/wp-json\/wp\/v2\/users\/1"}],"replies":[{"embeddable":true,"href":"https:\/\/wolniodnudy.pl\/index.php\/wp-json\/wp\/v2\/comments?post=652"}],"version-history":[{"count":5,"href":"https:\/\/wolniodnudy.pl\/index.php\/wp-json\/wp\/v2\/pages\/652\/revisions"}],"predecessor-version":[{"id":677,"href":"https:\/\/wolniodnudy.pl\/index.php\/wp-json\/wp\/v2\/pages\/652\/revisions\/677"}],"wp:attachment":[{"href":"https:\/\/wolniodnudy.pl\/index.php\/wp-json\/wp\/v2\/media?parent=652"}],"curies":[{"name":"wp","href":"https:\/\/api.w.org\/{rel}","templated":true}]}}