{"id":650,"date":"2015-09-23T12:27:42","date_gmt":"2015-09-23T10:27:42","guid":{"rendered":"http:\/\/wolniodnudy.pl\/?page_id=650"},"modified":"2015-09-27T11:10:36","modified_gmt":"2015-09-27T09:10:36","slug":"blisko","status":"publish","type":"page","link":"https:\/\/wolniodnudy.pl\/index.php\/blisko\/","title":{"rendered":"Blisko"},"content":{"rendered":"<p>A wi\u0119c bez przekraczania granicy naszego kraju<\/p>\n<p>Nie trzeba si\u0119 daleko rusza\u0107, \u017ceby odkry\u0107 niewidoczne dla innych.<\/p>\n<p>Kocham natur\u0119, wi\u0119c sporo b\u0119dzie tu o odkryciach przyrodniczych.<\/p>\n<p>Jestem \u0142odziank\u0105, wi\u0119c b\u0119dzie sporo o moim mie\u015bcie, ale i o innych polskich miastach i miasteczkach.<\/p>\n<p>&nbsp;<\/p>\n<p>Chwilowo napisz\u0119 o planach, ale &#8222;niebawem&#8221; wype\u0142ni\u0119 wszystko tre\u015bci\u0105.<\/p>\n<p><strong>\u0141\u00f3d\u017a<\/strong>:<br \/>\nChcia\u0142abym Was zabra\u0107 na spacer po \u0141odzi fabrycznej, pob\u0142\u0105ka\u0107 si\u0119 po uliczkach na kt\u00f3rych mo\u017cna jeszcze wyobrazi\u0107 sobie czasy, gdy by\u0142a &#8222;ziemi\u0105 obiecan\u0105&#8221;, obejrze\u0107 z Wami wn\u0119trza fabryk, dom\u00f3w, ale i pa\u0142ac\u00f3w.<\/p>\n<p>Poka\u017c\u0119 Wam \u0141\u00f3d\u017a jako miasto sztuki wsp\u00f3\u0142czesnej zatrzymuj\u0105c si\u0119 przy licznych muralach oraz odwiedzaj\u0105c muzea i galerie.<\/p>\n<p>Zdradz\u0119 gdzie i co jadaj\u0105 \u0142odzianie.<\/p>\n<p><strong>Szlak &#8222;sztandarowych&#8221; punkt\u00f3w zwiedzania<\/strong><br \/>\nCzyli o muzeach przez kt\u00f3re przewijaj\u0105 si\u0119 tysi\u0105ce turyst\u00f3w i o tym, czy warto za nimi pod\u0105\u017ca\u0107. Opisz\u0119 moje wra\u017cenia z wizyty w Centrum Nauki Kopernik, Muzeum Chopina, krakowskim Muzeum rynku<\/p>\n<p><strong>Szlak park\u00f3w rozrywki i atrakcji dedykowanych dzieciom (ma\u0142ym i du\u017cym)<\/strong><\/p>\n<p>Jak bawi\u0142am si\u0119 w Energylandii, gdzie mie\u015bci si\u0119 Farma Iluzji, co mo\u017cna zrobi\u0107 w \u017cywym Muzeum Porcelany oraz co si\u0119 kryje w Muzeum nietypowych rower\u00f3w?<br \/>\nCzy lepiej wybra\u0107 si\u0119 do zoo w Oliwie, czy w Krakowie?<\/p>\n<p>Czy ka\u017cdy aquapark zas\u0142uguje na to miano?<\/p>\n<p>Gdzie mo\u017cna nauczy\u0107 si\u0119 chodzi\u0107 na szczud\u0142ach, skoczy\u0107 ze spadochronem, albo zjecha\u0107 g\u0142\u0119boko pod ziemi\u0119?<\/p>\n<p><a href=\"https:\/\/wolniodnudy.pl\/wp-content\/uploads\/2015\/09\/Polska.png\"><img decoding=\"async\" loading=\"lazy\" class=\"aligncenter size-full wp-image-674\" src=\"https:\/\/wolniodnudy.pl\/wp-content\/uploads\/2015\/09\/Polska.png\" alt=\"Polska\" width=\"539\" height=\"480\" srcset=\"https:\/\/wolniodnudy.pl\/wp-content\/uploads\/2015\/09\/Polska.png 539w, https:\/\/wolniodnudy.pl\/wp-content\/uploads\/2015\/09\/Polska-300x267.png 300w, https:\/\/wolniodnudy.pl\/wp-content\/uploads\/2015\/09\/Polska-230x205.png 230w\" sizes=\"(max-width: 539px) 100vw, 539px\" \/><\/a><\/p>\n<p>To i wiele wi\u0119cej&#8230; ju\u017c wkr\u00f3tce.<\/p>\n<p>Na razie tylko wybrane znajdziecie g\u0142\u00f3wnie na stronach zewn\u0119trznych: na moim porzuconym blogu\u00a01001pomyslownanud\u0119 oraz na TripAdvisor, gdzie umieszczam recenzje.<\/p>\n<div><strong>\u0141\u00f3d\u017a i okolice<\/strong><\/div>\n<div>\u0141asku: <a href=\"https:\/\/wolniodnudy.pl\/index.php\/piknik-lotniczy-w-lasku\/\">Piknik lotniczy w \u0141asku<\/a><\/div>\n<div>Piotrkowska <a href=\"http:\/\/pl.tripadvisor.com\/ShowUserReviews-g274837-d285659-r310833426-Piotrkowska_Street-Lodz_Lodz_Province_Central_Poland.html\"><span style=\"color: #216ed3;\">\u0141\u00f3d\u017a w pigu\u0142ce<\/span><\/a><\/div>\n<div>recenzje kilku restauracji<\/div>\n<ul>\n<li>nale\u015bnikarnie: Pan Kejk <a href=\"http:\/\/pl.tripadvisor.com\/ShowUserReviews-g274837-d8411292-r310833759-Pan_Kejk-Lodz_Lodz_Province_Central_Poland.html\"><span style=\"color: #216ed3;\">Za grosik w limatycznych wn\u0119trzach<\/span><\/a> oraz Manekin <a href=\"http:\/\/pl.tripadvisor.com\/ShowUserReviews-g274837-d3547488-r235327849-Restauracja_Manekin_Lodz-Lodz_Lodz_Province_Central_Poland.html\"><span style=\"color: #216ed3;\">Je\u015bli nale\u015bniki;<\/span><\/a><\/li>\n<li>lubiane przeze mnie: Szpulka\u00a0<a href=\"http:\/\/pl.tripadvisor.com\/ShowUserReviews-g274837-d5937562-r235490067-Piknik-Lodz_Lodz_Province_Central_Poland.html\"><span style=\"color: #216ed3;\">Ch\u0142odnik \u015bni\u0105cy si\u0119 po nocach,<\/span><\/a> czy Piknik\u00a0<a href=\"http:\/\/pl.tripadvisor.com\/ShowUserReviews-g274837-d5937562-r235490067-Piknik-Lodz_Lodz_Province_Central_Poland.html\"><span style=\"color: #216ed3;\">Fantastyczne makarony,<\/span><\/a><\/li>\n<li>kawiarnie: Pijalnia Czekolady Wedel <a href=\"http:\/\/pl.tripadvisor.com\/ShowUserReviews-g274837-d1896324-r273274593-Pijalnie_Czekolady_E_Wedel_185-Lodz_Lodz_Province_Central_Poland.html\"><span style=\"color: #216ed3;\">U bram niebios<\/span><\/a> oraz Cafe Verte\u00a0<a href=\"http:\/\/pl.tripadvisor.com\/ShowUserReviews-g274837-d1077522-r235491120-Cafe_Verte-Lodz_Lodz_Province_Central_Poland.html\"><span style=\"color: #216ed3;\">Wieczne powroty<\/span><\/a>,<\/li>\n<li>odwiedzana Pepe Verde Tawerna <a href=\"http:\/\/pl.tripadvisor.com\/ShowUserReviews-g274837-d3400469-r273276568-Pepe_Verde_Tawerna-Lodz_Lodz_Province_Central_Poland.html\"><span style=\"color: #216ed3;\">W rytmie szant<\/span><\/a>,<\/li>\n<li>egzotyczny Ganesh\u00a0 <a href=\"http:\/\/pl.tripadvisor.com\/ShowUserReviews-g274837-d1774390-r235330016-Ganesh_Restauracja-Lodz_Lodz_Province_Central_Poland.html\"><span style=\"color: #216ed3;\">Egzotyka na talerzu<\/span><\/a>,<\/li>\n<li>a tak\u017ce takie kt\u00f3re omijam: Lili\u00a0\u00a0<a href=\"http:\/\/pl.tripadvisor.com\/ShowUserReviews-g274837-d3236437-r235328992-Lili-Lodz_Lodz_Province_Central_Poland.html\"><span style=\"color: #216ed3;\">Dobre opinie, s\u0142abe jedzenie<\/span><\/a><\/li>\n<\/ul>\n<div>\n<p><strong>Krak\u00f3w:<\/strong><\/p>\n<ul>\n<li><a href=\"http:\/\/pl.tripadvisor.com\/ShowUserReviews-g274772-d6681344-r304036354-Stained_Glass_Museum-Krakow_Lesser_Poland_Province_Southern_Poland.html\"><span style=\"color: #216ed3;\">Muzeum witra\u017cu<\/span><\/a> (HIT)<\/li>\n<li>oraz <a href=\"http:\/\/pl.tripadvisor.com\/ShowUserReviews-g274772-d2248956-r304021048-Rynek_Underground-Krakow_Lesser_Poland_Province_Southern_Poland.html\"><span style=\"color: #216ed3;\">Podziemia rynku<\/span><\/a> (\u201cArcheologia w (zbyt) nowoczesnym wydaniu\u201d)<\/li>\n<\/ul>\n<p><strong>Okolice Kazimierza Dolnego<\/strong>: <a href=\"http:\/\/1001pomyslownanude.blogspot.com\/2013\/09\/zakrecone-miejsca-w-polsce-okolice.html\">a tam<\/a><\/p>\n<ul>\n<li>\u0106miel\u00f3w \u2013 \u017bywe Muzeum Porcelany (SUPER),<\/li>\n<li>Muzeum nietypowych rower\u00f3w i Muzeum Pija\u0144stwa w Go\u0142\u0119biu (HIT),<\/li>\n<li>Farma Iluzji (SUPER),<\/li>\n<li>Ostr\u00f3w Lubelski \u2013 winnica Solaris.<\/li>\n<\/ul>\n<\/div>\n<p><strong>Warszawa<\/strong>:<\/p>\n<ul>\n<li><a href=\"http:\/\/1001pomyslownanude.blogspot.com\/2013\/09\/zakrecone-miejsca-warszawa-niewidzialna.html\"><span style=\"color: #216ed3;\">Niewidzialna wystawa<\/span><\/a>\u00a0(HIT!),<\/li>\n<li>Flyspot <a href=\"http:\/\/pl.tripadvisor.com\/ShowUserReviews-g2159332-d6686687-r230807809-Flyspot_Warsaw_Indoor_Skydiving-Ozarow_Mazowiecki_Mazovia_Province_Central_Pola.html\"><span style=\"color: #216ed3;\">Adrenalina i zabawa w czystej postaci<\/span><\/a>\u00a0(HIT),<\/li>\n<li><a href=\"http:\/\/1001pomyslownanude.blogspot.com\/2013\/11\/manufaktura-cukierkow-warszawa.html\"><span style=\"color: #216ed3;\">Manufaktura cukierk\u00f3w<\/span><\/a>,<\/li>\n<li><a href=\"http:\/\/1001pomyslownanude.blogspot.com\/2013\/11\/warszawa-muzeum-fryderyka-chopina.html\"><span style=\"color: #216ed3;\">Muzeum Fryderyka Chopina<\/span><\/a>,<\/li>\n<li><a href=\"http:\/\/1001pomyslownanude.blogspot.com\/2013_10_01_archive.html\"><span style=\"color: #216ed3;\">Centrum Nauki Kopernik<\/span><\/a><\/li>\n<\/ul>\n<p><strong>Radzionk\u00f3w<\/strong>: <a href=\"http:\/\/1001pomyslownanude.blogspot.com\/2013\/09\/zakrecone-miejsca-radzionkow-zabrze.html\">Muzeum chleba, ciekawostek i szko\u0142y<\/a> (SUPER)<\/p>\n<p><strong>Zabrze:\u00a0<\/strong><a href=\"http:\/\/1001pomyslownanude.blogspot.com\/2013\/09\/zakrecone-miejsca-radzionkow-zabrze.html\">Kopalnia Guido<\/a><strong><br \/>\n<\/strong><\/p>\n<p><strong>Cz\u0119stochowa: <\/strong><\/p>\n<ul>\n<li><a href=\"http:\/\/1001pomyslownanude.blogspot.com\/2013\/09\/zakrecone-miejsca-czestochowa-muzeum.html\">Muzeum Produkcji Zapa\u0142ek<\/a><\/li>\n<li>oraz\u00a0 <a href=\"http:\/\/1001pomyslownanude.blogspot.com\/2013\/09\/zakrecone-miejsca-czestochowa-muzeum.html\">Muzeum Wyobra\u017ani &#8211; Fabryka Sn\u00f3w<\/a><\/li>\n<\/ul>\n<div id=\"post-body-2672198727875536187\" class=\"post-body entry-content\">\n<p><strong>Zator: <\/strong>Energylandia <a href=\"http:\/\/pl.tripadvisor.com\/ShowUserReviews-g1956092-d6894940-r231998015-Energylandia-Zator_Lesser_Poland_Province_Southern_Poland.html\"><span style=\"color: #216ed3;\">Park rozrywki w miniaturze<\/span><\/a><\/p>\n<\/div>\n<!-- AddThis Advanced Settings generic via filter on the_content --><!-- AddThis Share Buttons generic via filter on the_content -->","protected":false},"excerpt":{"rendered":"<p>A wi\u0119c bez przekraczania granicy naszego kraju Nie trzeba si\u0119 daleko rusza\u0107, \u017ceby odkry\u0107 niewidoczne dla innych. Kocham natur\u0119, wi\u0119c sporo b\u0119dzie [&hellip;]<!-- AddThis Advanced Settings generic via filter on get_the_excerpt --><!-- AddThis Share Buttons generic via filter on get_the_excerpt --><\/p>\n","protected":false},"author":1,"featured_media":0,"parent":0,"menu_order":0,"comment_status":"closed","ping_status":"closed","template":"","meta":{"ngg_post_thumbnail":0},"aioseo_notices":[],"_links":{"self":[{"href":"https:\/\/wolniodnudy.pl\/index.php\/wp-json\/wp\/v2\/pages\/650"}],"collection":[{"href":"https:\/\/wolniodnudy.pl\/index.php\/wp-json\/wp\/v2\/pages"}],"about":[{"href":"https:\/\/wolniodnudy.pl\/index.php\/wp-json\/wp\/v2\/types\/page"}],"author":[{"embeddable":true,"href":"https:\/\/wolniodnudy.pl\/index.php\/wp-json\/wp\/v2\/users\/1"}],"replies":[{"embeddable":true,"href":"https:\/\/wolniodnudy.pl\/index.php\/wp-json\/wp\/v2\/comments?post=650"}],"version-history":[{"count":8,"href":"https:\/\/wolniodnudy.pl\/index.php\/wp-json\/wp\/v2\/pages\/650\/revisions"}],"predecessor-version":[{"id":712,"href":"https:\/\/wolniodnudy.pl\/index.php\/wp-json\/wp\/v2\/pages\/650\/revisions\/712"}],"wp:attachment":[{"href":"https:\/\/wolniodnudy.pl\/index.php\/wp-json\/wp\/v2\/media?parent=650"}],"curies":[{"name":"wp","href":"https:\/\/api.w.org\/{rel}","templated":true}]}}