{"id":616,"date":"2015-09-23T07:46:39","date_gmt":"2015-09-23T05:46:39","guid":{"rendered":"http:\/\/wolniodnudy.pl\/?page_id=616"},"modified":"2016-03-13T09:18:40","modified_gmt":"2016-03-13T08:18:40","slug":"przepisy","status":"publish","type":"page","link":"https:\/\/wolniodnudy.pl\/index.php\/przepisy\/","title":{"rendered":"Przepisy"},"content":{"rendered":"<p>Wiele kryje si\u0119 w mojej g\u0142owie oraz w szufladach, ale stopniowo b\u0119d\u0119 si\u0119 nimi dzieli\u0107.<\/p>\n<p><span style=\"text-decoration: underline;\">S\u0142odko\u015bci wszelakie: <\/span><\/p>\n<ul>\n<ul>\n<li>pascha w pi\u0119\u0107 minut &#8211; <a href=\"https:\/\/wolniodnudy.pl\/index.php\/2015\/09\/23\/620\/\">przepis na Pasch\u0119<\/a><\/li>\n<li><a href=\"https:\/\/wolniodnudy.pl\/index.php\/2015\/10\/21\/najprostsze-ciasto-swiata\/\">biszkopt<\/a>, kt\u00f3ry zawsze si\u0119 udaje, ale szybko z talerzy znika, <a href=\"https:\/\/wolniodnudy.pl\/index.php\/2016\/02\/29\/chalwowy-biszkopt\/\">jego cha\u0142wowa odmiana<\/a>\u00a0a tak\u017ce wariacje na temat czyli <a href=\"https:\/\/wolniodnudy.pl\/index.php\/2015\/10\/27\/trzy-w-jednym-czyli-czekoladowa-pycha-i-nowa-odslona-biszkoptu\/\">pop cakes<\/a><\/li>\n<li><a href=\"https:\/\/wolniodnudy.pl\/index.php\/2015\/09\/25\/szybkoznikajace-slodkosci-z-bialek\/\">ciasto migda\u0142owo-orzechowe<\/a><\/li>\n<li>wuzetka w wersji de lux<\/li>\n<li>lody nie ze sklepu<\/li>\n<li>bounty w wersji domowej<\/li>\n<li>robi\u0105cy zawrotn\u0105 karier\u0119 <a href=\"https:\/\/wolniodnudy.pl\/index.php\/2015\/11\/17\/fondant-czekoladowy\/\">fondant czekoladowy<\/a><\/li>\n<li>dr\u017c\u0105ca panna cotta<\/li>\n<li>kisiel co z papierka nie wyszed\u0142<\/li>\n<li><a href=\"https:\/\/wolniodnudy.pl\/index.php\/2015\/10\/19\/zakupowe-slabosci-3-tapioka\/\">deser z tapioki<\/a>deser z tapioki, czyli budy\u0144 w pere\u0142kach<\/li>\n<li><a href=\"https:\/\/wolniodnudy.pl\/index.php\/2015\/10\/17\/sniadaniowo\/\">nale\u015bniki<\/a> na niedzielne \u015bniadanie<\/li>\n<li><a href=\"https:\/\/wolniodnudy.pl\/index.php\/2015\/11\/29\/muspianka-czekoladowa\/\">musy i pianki czekoladowe<\/a><\/li>\n<li><a href=\"https:\/\/wolniodnudy.pl\/index.php\/ciasto-orzechowo-migdalowe\/\">ciasto orzechowo-migda\u0142owe<\/a><\/li>\n<li><a href=\"https:\/\/wolniodnudy.pl\/index.php\/2016\/03\/06\/cytrynowe-ochotki\/\">w\u0142oska beza<\/a><\/li>\n<li><a href=\"http:\/\/kruche ciasteczka\">kruche ciasteczka<\/a><\/li>\n<li><a href=\"https:\/\/wolniodnudy.pl\/index.php\/2016\/02\/13\/halo-halo\/\">halo-halo<\/a><\/li>\n<li><a href=\"https:\/\/wolniodnudy.pl\/index.php\/2015\/09\/26\/slodkie-wspomnienia-i-silikon\/\">karmel<\/a>\u00a0cho\u0107by na lizaki<\/li>\n<\/ul>\n<\/ul>\n<p><span style=\"text-decoration: underline;\">Dania g\u0142\u00f3wne, albo po prostu wytrawne:<\/span><\/p>\n<ul>\n<li>MAKARONY: <a href=\"https:\/\/wolniodnudy.pl\/index.php\/2015\/09\/29\/carbonara-alla-polacca\/\">carbonara alla polacca<\/a>, makaron z \u0142ososiem, spaghetti bolognese<\/li>\n<li>DANIA Z KUCHNI \u015aWIATA: pad thai, <a href=\"https:\/\/wolniodnudy.pl\/index.php\/2015\/10\/02\/mix-kulturowy-niemieckie-curry\/\">currywurst<\/a>, <a href=\"https:\/\/wolniodnudy.pl\/index.php\/2015\/10\/06\/curry-z-australii\/\">curry<\/a>, <a href=\"https:\/\/wolniodnudy.pl\/index.php\/2016\/02\/13\/halo-halo\/\">halo-halo<\/a>, <a href=\"https:\/\/wolniodnudy.pl\/index.php\/2016\/01\/07\/slodki-wegiel-befany\/\">w\u0119giel Befany<\/a>;<\/li>\n<li>ZUPY i GULASZE: <a href=\"https:\/\/wolniodnudy.pl\/index.php\/2016\/03\/11\/malo-znane-warzywo-topinambur\/\">zupa z topinambura<\/a>,<\/li>\n<li>MI\u0118SIWA WSZELAKIE: <a href=\"https:\/\/wolniodnudy.pl\/index.php\/2016\/03\/08\/gotowanie-w-tluszczu-czyli-confit\/\">confit<\/a>; <a href=\"https:\/\/wolniodnudy.pl\/index.php\/2015\/11\/18\/jesienne-grzeszki-burger\/\">jesienne burgery<\/a>; <a href=\"https:\/\/wolniodnudy.pl\/index.php\/2015\/10\/26\/duszenie-bez-grozenia\/\">duszone<\/a><\/li>\n<\/ul>\n<p>a tak\u017ce przepisy na:<\/p>\n<ul>\n<li><a href=\"https:\/\/wolniodnudy.pl\/index.php\/2016\/01\/28\/kluski-slaskie\/\">kluski \u015bl\u0105skie<\/a><\/li>\n<li><a href=\"https:\/\/wolniodnudy.pl\/index.php\/2016\/01\/03\/kotleciki-ryzowe-czyli-sprzatanie-czas-zaczac\/\">kotleciki ry\u017cowe z boczkiem<\/a><\/li>\n<li><a href=\"https:\/\/wolniodnudy.pl\/index.php\/2015\/10\/17\/sniadaniowo\/\">jajecznica<\/a><\/li>\n<\/ul>\n<p>Sa\u0142atki, jak cho\u0107by ta z gruszk\u0105 i niebieskim serem, a tak\u017ce <a href=\"https:\/\/wolniodnudy.pl\/index.php\/2015\/09\/28\/slodki-jesienny-czas\/\">nalewki<\/a>.<\/p>\n<p>Generalnie potrawy proste w przygotowaniu, cho\u0107 na niekt\u00f3re nale\u017cy cierpliwie (lub niecierpliwie &#8211; to ju\u017c od Waszego charakteru zale\u017cy) poczeka\u0107. Wszystkie, kt\u00f3re znalaz\u0142y si\u0119 cho\u0107 raz w mojej kuchni. No i nie b\u0119d\u0119 kry\u0107 je\u015bli co\u015b si\u0119 nie uda\u0142o.<\/p>\n<p>Je\u015bli kto\u015b natomiast jest bardzo niecierpliwy, to prosz\u0119 o kontakt mailowy i pode\u015bl\u0119 przepis, albo umieszcz\u0119 go w trybie pilnym na stronie.<\/p>\n<p>Na moim blogu kulinarnym znajdziecie, poza przepisami, tak\u017ce opisy i testy r\u00f3\u017cnych produkt\u00f3w, mi\u0119dzy innymi takich jak:<\/p>\n<ul>\n<li><a href=\"https:\/\/wolniodnudy.pl\/index.php\/2015\/12\/05\/kasze-ryze-amarantus\/\">amarantus<\/a>, <a href=\"https:\/\/wolniodnudy.pl\/index.php\/2015\/10\/25\/zakupowe-slabosci-4-kasze-kaszki-i-ryz\/\">kasze-kaszki-i-ry\u017c<\/a> , a tak\u017ce <a href=\"https:\/\/wolniodnudy.pl\/index.php\/2015\/10\/19\/zakupowe-slabosci-3-tapioka\/\">tapioka<\/a><\/li>\n<\/ul>\n<p>WARZYWA\u00a0i inna zielenina: <a href=\"https:\/\/wolniodnudy.pl\/index.php\/2016\/03\/11\/malo-znane-warzywo-topinambur\/\">topinambur<\/a>, <a href=\"https:\/\/wolniodnudy.pl\/index.php\/2015\/10\/09\/zakupowe-slabosci-1\/\">kapusta li\u015bciowa<\/a>, <a href=\"https:\/\/wolniodnudy.pl\/index.php\/2015\/10\/09\/zakupowe-slabosci-1\/\">portulaka<\/a>, <a href=\"https:\/\/wolniodnudy.pl\/index.php\/2015\/12\/03\/jesienne-smaki-opienki\/\">opie\u0144ki<\/a><\/p>\n<p>OWOCE: <a href=\"https:\/\/wolniodnudy.pl\/index.php\/2015\/10\/24\/mango\/\">mango<\/a>\u00a0oraz ma\u0142o znany <a href=\"https:\/\/wolniodnudy.pl\/index.php\/2015\/10\/09\/zakupowe-slabosci-1\/\">tamaryndowiec<\/a><\/p>\n<p>PRODUKTY Z R\u00d3\u017bNYCH STRON \u015aWIATA: <a href=\"https:\/\/wolniodnudy.pl\/index.php\/2015\/10\/09\/zakupowe-slabosci-1\/\">pasta marmite<\/a>, czy <a href=\"https:\/\/wolniodnudy.pl\/index.php\/2015\/10\/09\/zakupowe-slabosci-1\/\">pol\u0119dwica z marlina<\/a>, <a href=\"https:\/\/wolniodnudy.pl\/index.php\/2015\/10\/09\/zakupowe-slabosci-1\/\">zupa miso<\/a>, <a href=\"https:\/\/wolniodnudy.pl\/index.php\/2015\/10\/29\/zakupowych-slabosci-ciag-dalszy-5-vitello-tonnato-i-biala-niespodzianka\/\">vitello tonnato<\/a><\/p>\n<p>S\u0141ODKO\u015aCI I NAPOJE<\/p>\n<ul>\n<li><a href=\"https:\/\/wolniodnudy.pl\/index.php\/2015\/11\/01\/z-milosci-do-czekolady\/\">nutella i gianduja<\/a> oraz\u00a0<a href=\"https:\/\/wolniodnudy.pl\/index.php\/2015\/10\/30\/nutella-i-jej-antenatka-gianduia-lub-przodek-gianduiotto\/\">r\u00f3\u017cne jej ods\u0142ony<\/a><\/li>\n<li><a href=\"https:\/\/wolniodnudy.pl\/index.php\/2016\/02\/11\/kraj-miodem-i-mlekiem-plynacy\/\">miody mniej lub bardziej znane<\/a>, <a href=\"https:\/\/wolniodnudy.pl\/index.php\/2015\/10\/09\/zakupowe-slabosci-1\/\">mi\u00f3d faceliowy<\/a><\/li>\n<li><a href=\"https:\/\/wolniodnudy.pl\/index.php\/2015\/10\/09\/zakupowe-slabosci-1\/\">kandyzowane figi<\/a><\/li>\n<li><a href=\"https:\/\/wolniodnudy.pl\/index.php\/2015\/10\/18\/zakupowe-slabosci-2-napoje-mleczne-i-mleczne\/\">napoje &#8222;mleczne&#8221;<\/a><\/li>\n<li><a href=\"https:\/\/wolniodnudy.pl\/index.php\/2015\/11\/05\/a-pic-sie-chce-1-sok-brzozowy\/\">sok brzozowy<\/a><\/li>\n<li><a href=\"https:\/\/wolniodnudy.pl\/index.php\/2015\/11\/06\/a-pic-sie-chce-2-soki-pomidorowe\/\">soki pomidorowe<\/a><\/li>\n<li><a href=\"https:\/\/wolniodnudy.pl\/index.php\/2015\/11\/13\/a-pic-sie-chce-3-cola\/\">cola<\/a>, <a href=\"https:\/\/wolniodnudy.pl\/index.php\/2015\/11\/15\/a-pic-sie-chce-4-napoje-kola-podobne-chinotto\/\">chinotto<\/a><\/li>\n<\/ul>\n<p>&nbsp;<\/p>\n<!-- AddThis Advanced Settings generic via filter on the_content --><!-- AddThis Share Buttons generic via filter on the_content -->","protected":false},"excerpt":{"rendered":"<p>Wiele kryje si\u0119 w mojej g\u0142owie oraz w szufladach, ale stopniowo b\u0119d\u0119 si\u0119 nimi dzieli\u0107. S\u0142odko\u015bci wszelakie: pascha w pi\u0119\u0107 minut &#8211; [&hellip;]<!-- AddThis Advanced Settings generic via filter on get_the_excerpt --><!-- AddThis Share Buttons generic via filter on get_the_excerpt --><\/p>\n","protected":false},"author":1,"featured_media":0,"parent":0,"menu_order":0,"comment_status":"closed","ping_status":"closed","template":"","meta":{"ngg_post_thumbnail":0},"aioseo_notices":[],"_links":{"self":[{"href":"https:\/\/wolniodnudy.pl\/index.php\/wp-json\/wp\/v2\/pages\/616"}],"collection":[{"href":"https:\/\/wolniodnudy.pl\/index.php\/wp-json\/wp\/v2\/pages"}],"about":[{"href":"https:\/\/wolniodnudy.pl\/index.php\/wp-json\/wp\/v2\/types\/page"}],"author":[{"embeddable":true,"href":"https:\/\/wolniodnudy.pl\/index.php\/wp-json\/wp\/v2\/users\/1"}],"replies":[{"embeddable":true,"href":"https:\/\/wolniodnudy.pl\/index.php\/wp-json\/wp\/v2\/comments?post=616"}],"version-history":[{"count":16,"href":"https:\/\/wolniodnudy.pl\/index.php\/wp-json\/wp\/v2\/pages\/616\/revisions"}],"predecessor-version":[{"id":1255,"href":"https:\/\/wolniodnudy.pl\/index.php\/wp-json\/wp\/v2\/pages\/616\/revisions\/1255"}],"wp:attachment":[{"href":"https:\/\/wolniodnudy.pl\/index.php\/wp-json\/wp\/v2\/media?parent=616"}],"curies":[{"name":"wp","href":"https:\/\/api.w.org\/{rel}","templated":true}]}}