{"id":608,"date":"2015-09-23T07:17:34","date_gmt":"2015-09-23T05:17:34","guid":{"rendered":"http:\/\/wolniodnudy.pl\/?page_id=608"},"modified":"2015-09-23T17:30:05","modified_gmt":"2015-09-23T15:30:05","slug":"podroze","status":"publish","type":"page","link":"https:\/\/wolniodnudy.pl\/index.php\/podroze\/","title":{"rendered":"Podr\u00f3\u017ce"},"content":{"rendered":"<p>Nie jestem w stanie usiedzie\u0107 w jednym miejscu, ale aby odkrywa\u0107 \u015bwiat nie trzeba wcale od razu przemierza\u0107 tysi\u0119cy kilometr\u00f3w.<\/p>\n<p>Obok nas czaj\u0105 si\u0119 cudowno\u015bci i niezwyk\u0142o\u015bci o kt\u00f3rych ma\u0142o kto s\u0142ysza\u0142 lub ma\u0142o kto widzia\u0142, b\u0105d\u017a te\u017c ociera si\u0119 o nie codziennie nie zauwa\u017caj\u0105c ich.<\/p>\n<p>Moje odkrycia dotycz\u0105 zar\u00f3wno natury, jak i tego co zosta\u0142o stworzone ludzkimi r\u0119kami. Nie omijam miejsc popularnych, cho\u0107 wol\u0119 rozrywki skierowane &#8222;do dzieci&#8221;, parki rozrywki i niezwyk\u0142e muzea od galerii sztuki. Najlepiej czuj\u0119 si\u0119 w miejscach, w kt\u00f3rych mog\u0119 doceni\u0107 pi\u0119kno \u015bwiata w jego niezmienionej formie, a przede wszystkim takie, w kt\u00f3rych muzyk\u0119 tworzy sama natura. Zreszt\u0105 cisza jest najlepsz\u0105 muzyk\u0105 dla moich uszu. Szum morza, a nawet huk wodospadu nie przerywaj\u0105 mojego snu w odr\u00f3\u017cnieniu od bas\u00f3w p\u0142yn\u0105cych z g\u0142o\u015bnik\u00f3w.<\/p>\n<p>Zakocha\u0142am si\u0119 w Dolomitach, ale moje serce bije \u017cywo na my\u015bl o Gran Sasso (Apeniny \u015arodkowe), Alpach Nadmorskich, czy Wysokich Taurach. Od czasu do czasu, najlepiej poza sezonem ch\u0119tnie spaceruj\u0119 po pla\u017cy.\u00a0Postaram si\u0119 odpowiedzie\u0107\u00a0opisa\u0107 kilka w\u0142oskich pla\u017c, ale nie tylko. Najwi\u0119cej czasu sp\u0119dzam jednak na w\u0119dr\u00f3wkach po okolicy, a jeszcze cz\u0119\u015bciej na przeja\u017cd\u017ckach rowerowych. Po okolicy\u00a0czyli \u00a0po tzw. Wy\u017cynie \u0141\u00f3dzkiej.<\/p>\n<p>Moim konikiem s\u0105 muzea z gatunku tych &#8222;szalonych&#8221; lub nieco dziwnych, rzadko lub wcale wymieniane przez przewodniki. Odwiedzam jednak tak\u017ce te wielkie i komercyjne, cho\u0107 niejednokrotnie wychodz\u0119 z nich zawiedziona. Przeczytacie wi\u0119c zar\u00f3wno o Muzeum nietypowych rower\u00f3w w Go\u0142\u0119biu, Muzeum witra\u017cu w Krakowie, czy Muzeum chleba, ciekawostek i szko\u0142y w Radzionkowie, ale tak\u017ce o Centrum Nauki Kopernik, czy Muzeum Fryderyka Chopina.<\/p>\n<p>B\u0119d\u0105 te\u017c &#8222;szale\u0144stwa&#8221;, kt\u00f3re umie\u015bci\u0142am w kategorii Podr\u00f3\u017ce gdy\u017c cz\u0119sto to gdzie jestem jest uwarunkowane tym co chc\u0119 zrobi\u0107. B\u0119dzie wi\u0119c o szybowaniu na niebie, szybowaniu pod dachem oraz o szybowaniu do wody, spacerach na linie, z lin\u0105\u00a0i pod lin\u0105, rowerach ma\u0142ych i du\u017cych, o przemieszczaniu na w\u0142asnych nogach, ale niekoniecznie w butach itd. &#8211;&gt; <a href=\"https:\/\/wolniodnudy.pl\/index.php\/szalenstwa\/\">Szale\u0144stwa<\/a><\/p>\n<p>Opowiem o odkryciach niezwyk\u0142ych, dziwnych lub szalonych, a tak\u017ce o tysi\u0105cu i jednym sposobie na sp\u0119dzanie wolnego czasu (cho\u0107 wiem, \u017ce nie ka\u017cdemu przypadn\u0105 one do gustu) wg nast\u0119puj\u0105cego klucza<\/p>\n<p><a href=\"https:\/\/wolniodnudy.pl\/index.php\/blisko\/\">BLISKO<\/a>, czyli to co w naszym pi\u0119knym kraju mo\u017cna zobaczy\u0107, albo zrobi\u0107<\/p>\n<p><a href=\"https:\/\/wolniodnudy.pl\/index.php\/nieco-dalej\/\">NIECO DALEJ<\/a>, czyli gdy trzeba przekroczy\u0107 kt\u00f3r\u0105\u015b z granic<\/p>\n<p>oraz wspomniane <a href=\"https:\/\/wolniodnudy.pl\/index.php\/szalenstwa\/\">Szale\u0144stwa<\/a><\/p>\n<p>&nbsp;<\/p>\n<p>&nbsp;<\/p>\n<p><span style=\"color: #ffffff;\">O\u00a0moich podr\u00f3\u017cach mo\u017cecie poczyta\u0107 na <a style=\"color: #ffffff;\" href=\"http:\/\/1001pomyslownanude.blogspot.com\/\">blogu 1001pomyslownanude<\/a> oraz na TripAdvisor<\/span><\/p>\n<p><a href=\"https:\/\/wolniodnudy.pl\/wp-content\/uploads\/2015\/09\/recenzje.png\"><img decoding=\"async\" loading=\"lazy\" class=\"aligncenter size-full wp-image-574\" src=\"https:\/\/wolniodnudy.pl\/wp-content\/uploads\/2015\/09\/recenzje.png\" alt=\"recenzje\" width=\"640\" height=\"407\" srcset=\"https:\/\/wolniodnudy.pl\/wp-content\/uploads\/2015\/09\/recenzje.png 640w, https:\/\/wolniodnudy.pl\/wp-content\/uploads\/2015\/09\/recenzje-300x191.png 300w, https:\/\/wolniodnudy.pl\/wp-content\/uploads\/2015\/09\/recenzje-550x350.png 550w, https:\/\/wolniodnudy.pl\/wp-content\/uploads\/2015\/09\/recenzje-230x146.png 230w\" sizes=\"(max-width: 640px) 100vw, 640px\" \/><\/a><\/p>\n<!-- AddThis Advanced Settings generic via filter on the_content --><!-- AddThis Share Buttons generic via filter on the_content -->","protected":false},"excerpt":{"rendered":"<p>Nie jestem w stanie usiedzie\u0107 w jednym miejscu, ale aby odkrywa\u0107 \u015bwiat nie trzeba wcale od razu przemierza\u0107 tysi\u0119cy kilometr\u00f3w. Obok nas [&hellip;]<!-- AddThis Advanced Settings generic via filter on get_the_excerpt --><!-- AddThis Share Buttons generic via filter on get_the_excerpt --><\/p>\n","protected":false},"author":1,"featured_media":0,"parent":0,"menu_order":0,"comment_status":"closed","ping_status":"closed","template":"","meta":{"ngg_post_thumbnail":0},"aioseo_notices":[],"_links":{"self":[{"href":"https:\/\/wolniodnudy.pl\/index.php\/wp-json\/wp\/v2\/pages\/608"}],"collection":[{"href":"https:\/\/wolniodnudy.pl\/index.php\/wp-json\/wp\/v2\/pages"}],"about":[{"href":"https:\/\/wolniodnudy.pl\/index.php\/wp-json\/wp\/v2\/types\/page"}],"author":[{"embeddable":true,"href":"https:\/\/wolniodnudy.pl\/index.php\/wp-json\/wp\/v2\/users\/1"}],"replies":[{"embeddable":true,"href":"https:\/\/wolniodnudy.pl\/index.php\/wp-json\/wp\/v2\/comments?post=608"}],"version-history":[{"count":10,"href":"https:\/\/wolniodnudy.pl\/index.php\/wp-json\/wp\/v2\/pages\/608\/revisions"}],"predecessor-version":[{"id":673,"href":"https:\/\/wolniodnudy.pl\/index.php\/wp-json\/wp\/v2\/pages\/608\/revisions\/673"}],"wp:attachment":[{"href":"https:\/\/wolniodnudy.pl\/index.php\/wp-json\/wp\/v2\/media?parent=608"}],"curies":[{"name":"wp","href":"https:\/\/api.w.org\/{rel}","templated":true}]}}