{"id":594,"date":"2015-09-23T06:59:50","date_gmt":"2015-09-23T04:59:50","guid":{"rendered":"http:\/\/wolniodnudy.pl\/?page_id=594"},"modified":"2015-09-25T08:50:56","modified_gmt":"2015-09-25T06:50:56","slug":"kulinarnie","status":"publish","type":"page","link":"https:\/\/wolniodnudy.pl\/index.php\/kulinarnie\/","title":{"rendered":"Kulinaria"},"content":{"rendered":"<p>W kuchni nie mo\u017cna si\u0119 nudzi\u0107, ani nie nale\u017cy. Je\u015bli tak jest, to\u2026 z kuchni nale\u017cy wyj\u015b\u0107. Kocham je\u015b\u0107, ale uwielbia\u0107 karmi\u0107 innych, a tak\u017ce odkrywa\u0107 nowe smaki i zapachy.<\/p>\n<p>Na tej stronie pojawi\u0105 si\u0119:<\/p>\n<p>&#8211; rzadko goszcz\u0105ce w naszych kuchniach <a href=\"https:\/\/wolniodnudy.pl\/index.php\/produkty\/\">PRODUKTY<\/a>, odkrycia ze sklepowych p\u00f3\u0142ek, opisy ro\u015blin jadalnych, po kt\u00f3re trzeba samemu uda\u0107 si\u0119 na \u0142\u0105k\u0119 lub do lasu;<\/p>\n<p>&#8211; <a href=\"https:\/\/wolniodnudy.pl\/index.php\/przepisy\/\">PRZEPISY<\/a> na dania z r\u00f3\u017cnych kuchni \u015bwiata, dania niezwyk\u0142e, cho\u0107 cz\u0119sto niezwykle \u0142atwe w przygotowaniu, z udzia\u0142em produkt\u00f3w cz\u0119sto bliskich, ale nieznanych; nie zabraknie tu przepis\u00f3w na nalewki.<\/p>\n<p>&#8211; <a href=\"https:\/\/wolniodnudy.pl\/index.php\/category\/blog-kulinaria\/\">BLOG<\/a>, czyli opis tego co w\u0142a\u015bnie u mnie na kuchni bulgocze<\/p>\n<p>&#8211; FASCYNACJE z wszystkim co dotyczy kuchni, ale nie powinno znale\u017a\u0107 si\u0119 w innych dzia\u0142ach.<\/p>\n<!-- AddThis Advanced Settings generic via filter on the_content --><!-- AddThis Share Buttons generic via filter on the_content -->","protected":false},"excerpt":{"rendered":"<p>W kuchni nie mo\u017cna si\u0119 nudzi\u0107, ani nie nale\u017cy. Je\u015bli tak jest, to\u2026 z kuchni nale\u017cy wyj\u015b\u0107. Kocham je\u015b\u0107, ale uwielbia\u0107 karmi\u0107 [&hellip;]<!-- AddThis Advanced Settings generic via filter on get_the_excerpt --><!-- AddThis Share Buttons generic via filter on get_the_excerpt --><\/p>\n","protected":false},"author":1,"featured_media":0,"parent":0,"menu_order":0,"comment_status":"closed","ping_status":"closed","template":"","meta":{"ngg_post_thumbnail":0},"aioseo_notices":[],"_links":{"self":[{"href":"https:\/\/wolniodnudy.pl\/index.php\/wp-json\/wp\/v2\/pages\/594"}],"collection":[{"href":"https:\/\/wolniodnudy.pl\/index.php\/wp-json\/wp\/v2\/pages"}],"about":[{"href":"https:\/\/wolniodnudy.pl\/index.php\/wp-json\/wp\/v2\/types\/page"}],"author":[{"embeddable":true,"href":"https:\/\/wolniodnudy.pl\/index.php\/wp-json\/wp\/v2\/users\/1"}],"replies":[{"embeddable":true,"href":"https:\/\/wolniodnudy.pl\/index.php\/wp-json\/wp\/v2\/comments?post=594"}],"version-history":[{"count":7,"href":"https:\/\/wolniodnudy.pl\/index.php\/wp-json\/wp\/v2\/pages\/594\/revisions"}],"predecessor-version":[{"id":688,"href":"https:\/\/wolniodnudy.pl\/index.php\/wp-json\/wp\/v2\/pages\/594\/revisions\/688"}],"wp:attachment":[{"href":"https:\/\/wolniodnudy.pl\/index.php\/wp-json\/wp\/v2\/media?parent=594"}],"curies":[{"name":"wp","href":"https:\/\/api.w.org\/{rel}","templated":true}]}}