{"id":304,"date":"2015-08-21T10:19:42","date_gmt":"2015-08-21T08:19:42","guid":{"rendered":"http:\/\/wolniodnudy.pl\/?page_id=304"},"modified":"2015-08-21T10:24:47","modified_gmt":"2015-08-21T08:24:47","slug":"lutowanie","status":"publish","type":"page","link":"https:\/\/wolniodnudy.pl\/index.php\/produkcja\/lutowanie\/","title":{"rendered":"Lutowanie"},"content":{"rendered":"<p>Ostatni, tak\u017ce prosty, ale tak\u017ce mozolny etap. Wpierw witra\u017c uk\u0142adamy. Nast\u0119pnie w miejscach styk\u00f3w delikatnie p\u0119dzelkiem pokrywamy wod\u0105 lutownicz\u0105. Nast\u0119pnie spawamy w tych miejscach (tak, aby witra\u017c nam si\u0119 nie \u201erozjecha\u0142\u201d). Kolejny etap to spawanie \u0142\u0105cze\u0144 po drugiej stronie, a nast\u0119pnie wszystkich element\u00f3w pokrytych ta\u015bm\u0105. W przypadku ma\u0142ych witra\u017cy mo\u017cna zlutowa\u0107 wst\u0119pnie jedn\u0105 stron\u0119, a potem drug\u0105.<\/p>\n<p>Po zlutowaniu mo\u017cemy lut pokry\u0107 patyn\u0105 w kolorze czarnym, albo miedzianym, albo pozostawi\u0107 w kolorze srebrnym.<\/p>\n<p>&nbsp;<\/p>\n<p><a href=\"https:\/\/wolniodnudy.pl\/index.php\/oklejanie\/\">&lt; poprzedni etap<\/a><\/p>\n<p>&nbsp;<\/p>\n<p><a href=\"https:\/\/wolniodnudy.pl\/index.php\/produkcja\/\">powr\u00f3t do Produkcji<\/a><\/p>\n<!-- AddThis Advanced Settings generic via filter on the_content --><!-- AddThis Share Buttons generic via filter on the_content -->","protected":false},"excerpt":{"rendered":"<p>Ostatni, tak\u017ce prosty, ale tak\u017ce mozolny etap. Wpierw witra\u017c uk\u0142adamy. Nast\u0119pnie w miejscach styk\u00f3w delikatnie p\u0119dzelkiem pokrywamy wod\u0105 lutownicz\u0105. Nast\u0119pnie spawamy w [&hellip;]<!-- AddThis Advanced Settings generic via filter on get_the_excerpt --><!-- AddThis Share Buttons generic via filter on get_the_excerpt --><\/p>\n","protected":false},"author":1,"featured_media":0,"parent":91,"menu_order":0,"comment_status":"closed","ping_status":"closed","template":"","meta":{"ngg_post_thumbnail":0},"aioseo_notices":[],"_links":{"self":[{"href":"https:\/\/wolniodnudy.pl\/index.php\/wp-json\/wp\/v2\/pages\/304"}],"collection":[{"href":"https:\/\/wolniodnudy.pl\/index.php\/wp-json\/wp\/v2\/pages"}],"about":[{"href":"https:\/\/wolniodnudy.pl\/index.php\/wp-json\/wp\/v2\/types\/page"}],"author":[{"embeddable":true,"href":"https:\/\/wolniodnudy.pl\/index.php\/wp-json\/wp\/v2\/users\/1"}],"replies":[{"embeddable":true,"href":"https:\/\/wolniodnudy.pl\/index.php\/wp-json\/wp\/v2\/comments?post=304"}],"version-history":[{"count":3,"href":"https:\/\/wolniodnudy.pl\/index.php\/wp-json\/wp\/v2\/pages\/304\/revisions"}],"predecessor-version":[{"id":307,"href":"https:\/\/wolniodnudy.pl\/index.php\/wp-json\/wp\/v2\/pages\/304\/revisions\/307"}],"up":[{"embeddable":true,"href":"https:\/\/wolniodnudy.pl\/index.php\/wp-json\/wp\/v2\/pages\/91"}],"wp:attachment":[{"href":"https:\/\/wolniodnudy.pl\/index.php\/wp-json\/wp\/v2\/media?parent=304"}],"curies":[{"name":"wp","href":"https:\/\/api.w.org\/{rel}","templated":true}]}}