{"id":302,"date":"2015-08-21T10:19:16","date_gmt":"2015-08-21T08:19:16","guid":{"rendered":"http:\/\/wolniodnudy.pl\/?page_id=302"},"modified":"2015-08-21T10:23:10","modified_gmt":"2015-08-21T08:23:10","slug":"oklejanie","status":"publish","type":"page","link":"https:\/\/wolniodnudy.pl\/index.php\/produkcja\/oklejanie\/","title":{"rendered":"Oklejanie"},"content":{"rendered":"<p>Wybieramy odpowiedni rozmiar (przy szkle 2 mm ta\u015bma 5,56mm sprawdza si\u0119 idealnie) i jak ten \u015bwistak \u201ezawijamy w te sreberka\u201d. Oczywi\u015bcie przedtem musimy si\u0119 zdecydowa\u0107, czy nasza ta\u015bma ma mie\u0107 sp\u00f3d miedziany, czy pomalowany na srebrno, czy czarno. Kolor ten b\u0119dzie widoczny przy szkle, kt\u00f3re nie jest mleczne i zadecyduje o ostatecznym wygl\u0105dzie naszego witra\u017ca.<\/p>\n<p>Samo owijanie to praca \u017cmudna, ale prosta. Do tego w r\u0119ce musi pojawi\u0107 si\u0119 g\u0142adzik (lub narz\u0119dzie przez nas wymy\u015blone), gdy\u017c ta\u015bma musi idealnie do szk\u0142a przylega\u0107.<\/p>\n<p>Aaaa\u2026 \u017ceby przylega\u0142a, to szk\u0142o musi by\u0107 czyste (czyli po szlifowaniu nale\u017cy je starannie umy\u0107, jednocze\u015bnie staraj\u0105c si\u0119 nie zetrze\u0107 numerk\u00f3w) i suche (idealnie suche).<\/p>\n<p>&nbsp;<\/p>\n<p><a href=\"https:\/\/wolniodnudy.pl\/index.php\/szlifowanie\/\">&lt; poprzedni etap<\/a><\/p>\n<p><a href=\"https:\/\/wolniodnudy.pl\/index.php\/lutowanie\/\">kolejny etap &gt;<\/a><\/p>\n<p>&nbsp;<\/p>\n<p><a href=\"https:\/\/wolniodnudy.pl\/index.php\/produkcja\/\">powr\u00f3t do Produkcji<\/a><\/p>\n<!-- AddThis Advanced Settings generic via filter on the_content --><!-- AddThis Share Buttons generic via filter on the_content -->","protected":false},"excerpt":{"rendered":"<p>Wybieramy odpowiedni rozmiar (przy szkle 2 mm ta\u015bma 5,56mm sprawdza si\u0119 idealnie) i jak ten \u015bwistak \u201ezawijamy w te sreberka\u201d. Oczywi\u015bcie przedtem [&hellip;]<!-- AddThis Advanced Settings generic via filter on get_the_excerpt --><!-- AddThis Share Buttons generic via filter on get_the_excerpt --><\/p>\n","protected":false},"author":1,"featured_media":0,"parent":91,"menu_order":0,"comment_status":"closed","ping_status":"closed","template":"","meta":{"ngg_post_thumbnail":0},"aioseo_notices":[],"_links":{"self":[{"href":"https:\/\/wolniodnudy.pl\/index.php\/wp-json\/wp\/v2\/pages\/302"}],"collection":[{"href":"https:\/\/wolniodnudy.pl\/index.php\/wp-json\/wp\/v2\/pages"}],"about":[{"href":"https:\/\/wolniodnudy.pl\/index.php\/wp-json\/wp\/v2\/types\/page"}],"author":[{"embeddable":true,"href":"https:\/\/wolniodnudy.pl\/index.php\/wp-json\/wp\/v2\/users\/1"}],"replies":[{"embeddable":true,"href":"https:\/\/wolniodnudy.pl\/index.php\/wp-json\/wp\/v2\/comments?post=302"}],"version-history":[{"count":3,"href":"https:\/\/wolniodnudy.pl\/index.php\/wp-json\/wp\/v2\/pages\/302\/revisions"}],"predecessor-version":[{"id":309,"href":"https:\/\/wolniodnudy.pl\/index.php\/wp-json\/wp\/v2\/pages\/302\/revisions\/309"}],"up":[{"embeddable":true,"href":"https:\/\/wolniodnudy.pl\/index.php\/wp-json\/wp\/v2\/pages\/91"}],"wp:attachment":[{"href":"https:\/\/wolniodnudy.pl\/index.php\/wp-json\/wp\/v2\/media?parent=302"}],"curies":[{"name":"wp","href":"https:\/\/api.w.org\/{rel}","templated":true}]}}