{"id":227,"date":"2015-08-21T09:42:17","date_gmt":"2015-08-21T07:42:17","guid":{"rendered":"http:\/\/wolniodnudy.pl\/?page_id=227"},"modified":"2015-08-21T10:27:56","modified_gmt":"2015-08-21T08:27:56","slug":"ciecie-szkla","status":"publish","type":"page","link":"https:\/\/wolniodnudy.pl\/index.php\/produkcja\/ciecie-szkla\/","title":{"rendered":"Ci\u0119cie szk\u0142a"},"content":{"rendered":"<p>Tu wystarczy odpowiedni n\u00f3\u017c, najlepiej olejowy, idealnie gdyby by\u0142 to n\u00f3\u017c ergonomiczny i do dzie\u0142a:)<\/p>\n<p>Nale\u017cy oczywi\u015bcie pokona\u0107 nasz naturalny strach. Opr\u00f3cz no\u017ca i pewno\u015bci siebie przydaje si\u0119 \u0142amacz szk\u0142a. Cienkie szk\u0142o, albo ci\u0119cia proste, mo\u017cna \u0142ama\u0107 r\u0119cznie, ale \u0142amacz o niebo prac\u0119 u\u0142atwia i powoduje, \u017ce szk\u0142o cz\u0119\u015bciej (bo i tak nie zawsze) p\u0119ka tak jak my chcemy.<\/p>\n<p>&nbsp;<\/p>\n<p><a href=\"https:\/\/wolniodnudy.pl\/index.php\/produkcja\/wybor-szkla\/\">&lt; poprzedni etap<\/a><\/p>\n<p><a href=\"https:\/\/wolniodnudy.pl\/index.php\/produkcja\/szlifowanie\/\">kolejny etap &gt;<\/a><\/p>\n<p>&nbsp;<\/p>\n<p><a href=\"https:\/\/wolniodnudy.pl\/index.php\/produkcja\/\">powr\u00f3t do Produkcji<\/a><\/p>\n<!-- AddThis Advanced Settings generic via filter on the_content --><!-- AddThis Share Buttons generic via filter on the_content -->","protected":false},"excerpt":{"rendered":"<p>Tu wystarczy odpowiedni n\u00f3\u017c, najlepiej olejowy, idealnie gdyby by\u0142 to n\u00f3\u017c ergonomiczny i do dzie\u0142a:) Nale\u017cy oczywi\u015bcie pokona\u0107 nasz naturalny strach. Opr\u00f3cz [&hellip;]<!-- AddThis Advanced Settings generic via filter on get_the_excerpt --><!-- AddThis Share Buttons generic via filter on get_the_excerpt --><\/p>\n","protected":false},"author":1,"featured_media":0,"parent":91,"menu_order":0,"comment_status":"closed","ping_status":"closed","template":"","meta":{"ngg_post_thumbnail":0},"aioseo_notices":[],"_links":{"self":[{"href":"https:\/\/wolniodnudy.pl\/index.php\/wp-json\/wp\/v2\/pages\/227"}],"collection":[{"href":"https:\/\/wolniodnudy.pl\/index.php\/wp-json\/wp\/v2\/pages"}],"about":[{"href":"https:\/\/wolniodnudy.pl\/index.php\/wp-json\/wp\/v2\/types\/page"}],"author":[{"embeddable":true,"href":"https:\/\/wolniodnudy.pl\/index.php\/wp-json\/wp\/v2\/users\/1"}],"replies":[{"embeddable":true,"href":"https:\/\/wolniodnudy.pl\/index.php\/wp-json\/wp\/v2\/comments?post=227"}],"version-history":[{"count":2,"href":"https:\/\/wolniodnudy.pl\/index.php\/wp-json\/wp\/v2\/pages\/227\/revisions"}],"predecessor-version":[{"id":319,"href":"https:\/\/wolniodnudy.pl\/index.php\/wp-json\/wp\/v2\/pages\/227\/revisions\/319"}],"up":[{"embeddable":true,"href":"https:\/\/wolniodnudy.pl\/index.php\/wp-json\/wp\/v2\/pages\/91"}],"wp:attachment":[{"href":"https:\/\/wolniodnudy.pl\/index.php\/wp-json\/wp\/v2\/media?parent=227"}],"curies":[{"name":"wp","href":"https:\/\/api.w.org\/{rel}","templated":true}]}}