{"id":214,"date":"2015-08-21T09:11:56","date_gmt":"2015-08-21T07:11:56","guid":{"rendered":"http:\/\/wolniodnudy.pl\/?page_id=214"},"modified":"2015-08-21T09:45:03","modified_gmt":"2015-08-21T07:45:03","slug":"wybor-szkla","status":"publish","type":"page","link":"https:\/\/wolniodnudy.pl\/index.php\/produkcja\/wybor-szkla\/","title":{"rendered":"Wyb\u00f3r szk\u0142a"},"content":{"rendered":"<p>WYB\u00d3R SZK\u0141A I PRZENIESIENIE SZABLONU<\/p>\n<p>Proste? Proste! Pami\u0119ta\u0107 nale\u017cy o tym, \u017ceby wybieraj\u0105c szk\u0142o wybiera\u0107 szk\u0142o o tej samej grubo\u015bci (standardowo 2mm). Odrysowuj\u0105c nale\u017cy my\u015ble\u0107 o tym, \u017ce dobrze by\u0142oby jak najmniej szk\u0142a zu\u017cy\u0107, ale tak\u017ce, \u017ce szk\u0142o ma tendencj\u0119 do p\u0119kania wed\u0142ug w\u0142asnego widzimisi\u0119. Dlatego nie nale\u017cy odrysowywa\u0107 wszystkich element\u00f3w jednocze\u015bnie. Warto pomy\u015ble\u0107 o tym jak szk\u0142o mo\u017ce p\u0119kn\u0105\u0107 w trakcie jego ci\u0119cia.<\/p>\n<p>Pami\u0119ta\u0107 nale\u017cy o numerowaniu element\u00f3w, gdy\u017c odtworzenie wzoru mo\u017ce by\u0107 trudne, je\u015bli nie niemo\u017cliwe (w przypadku du\u017cych witra\u017cy).<\/p>\n<p>&nbsp;<\/p>\n<p><a href=\"https:\/\/wolniodnudy.pl\/index.php\/produkcja\/projekt\/\">&lt; poprzedni etap<\/a><\/p>\n<p><a href=\"https:\/\/wolniodnudy.pl\/index.php\/produkcja\/ciecie-szkla\/\">kolejny etap &gt;<\/a><\/p>\n<p>&nbsp;<\/p>\n<p><a href=\"https:\/\/wolniodnudy.pl\/index.php\/produkcja\/\">powr\u00f3t do Produkcji<\/a><\/p>\n<p>&nbsp;<\/p>\n<!-- AddThis Advanced Settings generic via filter on the_content --><!-- AddThis Share Buttons generic via filter on the_content -->","protected":false},"excerpt":{"rendered":"<p>WYB\u00d3R SZK\u0141A I PRZENIESIENIE SZABLONU Proste? Proste! Pami\u0119ta\u0107 nale\u017cy o tym, \u017ceby wybieraj\u0105c szk\u0142o wybiera\u0107 szk\u0142o o tej samej grubo\u015bci (standardowo 2mm). [&hellip;]<!-- AddThis Advanced Settings generic via filter on get_the_excerpt --><!-- AddThis Share Buttons generic via filter on get_the_excerpt --><\/p>\n","protected":false},"author":1,"featured_media":0,"parent":91,"menu_order":0,"comment_status":"closed","ping_status":"closed","template":"","meta":{"ngg_post_thumbnail":0},"aioseo_notices":[],"_links":{"self":[{"href":"https:\/\/wolniodnudy.pl\/index.php\/wp-json\/wp\/v2\/pages\/214"}],"collection":[{"href":"https:\/\/wolniodnudy.pl\/index.php\/wp-json\/wp\/v2\/pages"}],"about":[{"href":"https:\/\/wolniodnudy.pl\/index.php\/wp-json\/wp\/v2\/types\/page"}],"author":[{"embeddable":true,"href":"https:\/\/wolniodnudy.pl\/index.php\/wp-json\/wp\/v2\/users\/1"}],"replies":[{"embeddable":true,"href":"https:\/\/wolniodnudy.pl\/index.php\/wp-json\/wp\/v2\/comments?post=214"}],"version-history":[{"count":5,"href":"https:\/\/wolniodnudy.pl\/index.php\/wp-json\/wp\/v2\/pages\/214\/revisions"}],"predecessor-version":[{"id":230,"href":"https:\/\/wolniodnudy.pl\/index.php\/wp-json\/wp\/v2\/pages\/214\/revisions\/230"}],"up":[{"embeddable":true,"href":"https:\/\/wolniodnudy.pl\/index.php\/wp-json\/wp\/v2\/pages\/91"}],"wp:attachment":[{"href":"https:\/\/wolniodnudy.pl\/index.php\/wp-json\/wp\/v2\/media?parent=214"}],"curies":[{"name":"wp","href":"https:\/\/api.w.org\/{rel}","templated":true}]}}