{"id":207,"date":"2015-08-21T08:59:28","date_gmt":"2015-08-21T06:59:28","guid":{"rendered":"http:\/\/wolniodnudy.pl\/?page_id=207"},"modified":"2015-09-01T10:50:31","modified_gmt":"2015-09-01T08:50:31","slug":"projekt","status":"publish","type":"page","link":"https:\/\/wolniodnudy.pl\/index.php\/produkcja\/projekt\/","title":{"rendered":"Projekt"},"content":{"rendered":"<p>Wydawa\u0107 by si\u0119 mog\u0142o, \u017ce to etap najmniej czasoch\u0142onny. W praktyce powiedzia\u0142abym, \u017ce jest odwrotnie.<\/p>\n<p>Poza tym, \u017ce musimy podj\u0105\u0107 decyzj\u0119 co chcieliby\u015bmy zrobi\u0107 oraz co jeste\u015bmy w stanie zrobi\u0107 (bior\u0105c pod uwag\u0119 czas, kt\u00f3rym dysponujemy, \u015brodki finansowe, przestrze\u0144) samo przygotowanie szablonu poch\u0142ania kilka kwadrans\u00f3w.<\/p>\n<p>Projekt mo\u017cemy opracowa\u0107 sami na podstawie naszej wyobra\u017ani lub inspiracji, albo skorzysta\u0107 z gotowych szablon\u00f3w, kt\u00f3rych w Internecie nie brakuje (zar\u00f3wno darmowych, jak i p\u0142atnych). W tym drugim przypadku przydadz\u0105 si\u0119 has\u0142a \u201estained glass\u201d (ang. witra\u017c) oraz pattern (ang. wz\u00f3r), przyk\u0142adowo:<br \/>\nhttp:\/\/www.freepatternsforstainedglass.com\/,<br \/>\nhttp:\/\/online.rapidresizer.com\/guilddesigns.php?category=Stained+Glass,<br \/>\nhttp:\/\/www.sg-patterns.com\/free-stained-glass-patterns.html<\/p>\n<p>Je\u015bli nie jako gotowy wz\u00f3r, to mog\u0105 pos\u0142u\u017cy\u0107 jako pewna baza. Niekt\u00f3re z nich maj\u0105 bardzo du\u017co element\u00f3w, albo bardzo drobnych, cz\u0119\u015b\u0107 niestety zawiera b\u0142\u0119dy.<\/p>\n<p>Nie wszystkie wzory nadaj\u0105 si\u0119 jednak do realizacji. Dlaczego?<\/p>\n<ul>\n<li>Witra\u017c nie mo\u017ce\/nie powinien posiada\u0107 zbyt ma\u0142ych element\u00f3w, gdy\u017c ich oszlifowanie, a potem oklejenie mo\u017ce sta\u0107 si\u0119 niewykonalne lub bardzo czasoch\u0142onne, a dodatkowo efekt i tak mo\u017ce by\u0107 ostatecznie niewidoczny: ta\u015bma, kt\u00f3r\u0105 oklejamy w technice Tiffaniego elementy pokrywa ok. 1 mm brzegu, wi\u0119c je\u015bli element ma wymiary 5 na 5 mm, to po oklejeniu pozostanie \u2013 w najlepszym przypadku \u2013 kwadrat o wymiarach 3 na 3mm.<\/li>\n<li>Stabilno\u015b\u0107 witra\u017ca zale\u017cy od spaw\u00f3w i tu nale\u017cy pami\u0119ta\u0107, \u017ce je\u015bli w naszym projekcie pojawi si\u0119 prosta przecinaj\u0105ca w dowolnym kierunku nasz\u0105 prac\u0119, to potencjalnie w tym miejscu witra\u017c mo\u017ce (ju\u017c po lutowaniu) ulec z\u0142amaniu. Aby tego unikn\u0105\u0107 przy projektowaniu nale\u017cy wi\u0119c linii prostych unika\u0107, albo je \u0142ama\u0107;<\/li>\n<li>Szk\u0142o \u017cyje swoim w\u0142asnym \u017cyciem. To nie tkanina na kt\u00f3rej mo\u017cemy rozrysowa\u0107 elementy r\u00f3wne jego powierzchni, a nast\u0119pnie wyci\u0105\u0107 je i pozszywa\u0107. Niekt\u00f3rych kszta\u0142t\u00f3w ze szk\u0142a nie wykonamy, gdy\u017c szk\u0142o p\u0119knie w spos\u00f3b niekontrolowany (wci\u0119cia). Nie da si\u0119 tak\u017ce z g\u00f3ry oszacowa\u0107 ile spadu otrzymamy przy danym kszta\u0142cie. Wycinaj\u0105c, np. ko\u0142o, z jednego szk\u0142a uda nam si\u0119 to od razu z innego mo\u017cemy mie\u0107 problem przy kilku podej\u015bciach.<\/li>\n<\/ul>\n<p>Czego nie da si\u0119 zrobi\u0107?<\/p>\n<p><a href=\"https:\/\/wolniodnudy.pl\/wp-content\/uploads\/2015\/08\/Czego-si\u0119-nie-da-zrobi\u0107.png\"><img decoding=\"async\" loading=\"lazy\" class=\"aligncenter size-full wp-image-199\" src=\"https:\/\/wolniodnudy.pl\/wp-content\/uploads\/2015\/08\/Czego-si\u0119-nie-da-zrobi\u0107.png\" alt=\"Czego si\u0119 nie da zrobi\u0107\" width=\"370\" height=\"123\" srcset=\"https:\/\/wolniodnudy.pl\/wp-content\/uploads\/2015\/08\/Czego-si\u0119-nie-da-zrobi\u0107.png 370w, https:\/\/wolniodnudy.pl\/wp-content\/uploads\/2015\/08\/Czego-si\u0119-nie-da-zrobi\u0107-300x100.png 300w, https:\/\/wolniodnudy.pl\/wp-content\/uploads\/2015\/08\/Czego-si\u0119-nie-da-zrobi\u0107-230x76.png 230w\" sizes=\"(max-width: 370px) 100vw, 370px\" \/><\/a><\/p>\n<p>Co da si\u0119 zrobi\u0107?<\/p>\n<p><a href=\"https:\/\/wolniodnudy.pl\/wp-content\/uploads\/2015\/08\/Co-da-si\u0119-zrobi\u01071.png\"><img decoding=\"async\" loading=\"lazy\" class=\"aligncenter size-full wp-image-454\" src=\"https:\/\/wolniodnudy.pl\/wp-content\/uploads\/2015\/08\/Co-da-si\u0119-zrobi\u01071.png\" alt=\"Co da si\u0119 zrobi\u0107\" width=\"543\" height=\"96\" srcset=\"https:\/\/wolniodnudy.pl\/wp-content\/uploads\/2015\/08\/Co-da-si\u0119-zrobi\u01071.png 543w, https:\/\/wolniodnudy.pl\/wp-content\/uploads\/2015\/08\/Co-da-si\u0119-zrobi\u01071-300x53.png 300w, https:\/\/wolniodnudy.pl\/wp-content\/uploads\/2015\/08\/Co-da-si\u0119-zrobi\u01071-230x41.png 230w\" sizes=\"(max-width: 543px) 100vw, 543px\" \/><\/a><\/p>\n<p>&nbsp;<\/p>\n<p>Przyk\u0142ad wzoru, kt\u00f3rego wykonanie w technice witra\u017cu jest niewykonalne:<\/p>\n<p><a href=\"https:\/\/wolniodnudy.pl\/wp-content\/uploads\/2015\/08\/niewykonalne.png\"><img decoding=\"async\" loading=\"lazy\" class=\"aligncenter size-full wp-image-201\" src=\"https:\/\/wolniodnudy.pl\/wp-content\/uploads\/2015\/08\/niewykonalne.png\" alt=\"niewykonalne\" width=\"625\" height=\"405\" srcset=\"https:\/\/wolniodnudy.pl\/wp-content\/uploads\/2015\/08\/niewykonalne.png 625w, https:\/\/wolniodnudy.pl\/wp-content\/uploads\/2015\/08\/niewykonalne-300x194.png 300w, https:\/\/wolniodnudy.pl\/wp-content\/uploads\/2015\/08\/niewykonalne-550x356.png 550w, https:\/\/wolniodnudy.pl\/wp-content\/uploads\/2015\/08\/niewykonalne-230x149.png 230w\" sizes=\"(max-width: 625px) 100vw, 625px\" \/><\/a><\/p>\n<p>Zaznaczone na zielono i czerwono elementy w trakcie wycinania p\u0119kn\u0105. W przypadku zielonego p\u0119kni\u0119cie pojawi si\u0119 w okolicach czubka ogona, za\u015b w przypadku czerwonego w okolicach uszu.<\/p>\n<p>Z ilu element\u00f3w mo\u017ce sk\u0142ada\u0107 si\u0119 nasz witra\u017c?<\/p>\n<p>Z ilu chcemy, ale im wi\u0119cej ich jest tym trudniej je spasowa\u0107 i tym bardziej pracoch\u0142onny b\u0119dzie. Witra\u017c sk\u0142adaj\u0105cy si\u0119 z 30 element\u00f3w o \u015brednicy 30 cm, to kilka godzin pracy oraz prawdopodobnie ok. 100 z\u0142 na materia\u0142y (w zale\u017cno\u015bci od wybranego szk\u0142a itp.).<\/p>\n<p>O problemach zwi\u0105zanych z projektowaniem mo\u017cna przeczyta\u0107 m.in. w Historii jednego z witra\u017cy <a href=\"https:\/\/wolniodnudy.pl\/index.php\/2015\/09\/01\/historia-jednego-z-witrazy-mondrian\/\">https:\/\/wolniodnudy.pl\/index.php\/2015\/09\/01\/historia-jednego-z-witrazy-mondrian\/<\/a><\/p>\n<p><u>Przygotowanie szablonu<\/u><\/p>\n<p>Mo\u017cemy przekalkowa\u0107 rysunek na inny materia\u0142, kt\u00f3ry da si\u0119 wyci\u0105\u0107 (np. na papier kredowy, doskonale nadaj\u0105 si\u0119 do tego stare kalendarze \u015bcienne), albo wydrukowa\u0107 na nim\u2026\u00a0Wa\u017cne aby\u015bmy mieli nasz wz\u00f3r w dw\u00f3ch egzemplarzach: jeden na kt\u00f3rym b\u0119dzie widoczna ca\u0142o\u015b\u0107, a drugi poci\u0119ty na szablony.<\/p>\n<p>Koniecznie nale\u017cy tak\u017ce pami\u0119ta\u0107 o ponumerowaniu a cz\u0119sto i okre\u015bleniu gdzie jest g\u00f3ra, a gdzie d\u00f3\u0142. Dobrym patentem s\u0105 kalendarze, gdy\u017c z jednej strony s\u0105 kolorowe i da si\u0119 \u201ezrekonstruowa\u0107\u201d nasz projekt, poza tym najcz\u0119\u015bciej drukowane s\u0105 na papierach powlekanych, kt\u00f3re cho\u0107 troch\u0119 s\u0105 odporne na wod\u0119 (a to istotne). Ja cz\u0119sto wykorzystuj\u0119 ok\u0142adki kolorowe-transparentne (przezroczyste maj\u0105 tendencj\u0119 do \u201egubienia si\u0119\u201d).<\/p>\n<p>Pami\u0119ta\u0107 nale\u017cy, \u017ce w stosunku do projektu nasz witra\u017c prawdopodobnie b\u0119dzie \u201eciut\u201d wi\u0119kszy.<\/p>\n<p>Po wykorzystaniu szablon warto przechowywa\u0107 wraz z rysunkiem. Mo\u017ce b\u0119dziemy chcieli go kiedy\u015b jeszcze wykorzysta\u0107?:)<\/p>\n<p>&nbsp;<\/p>\n<p><a href=\"https:\/\/wolniodnudy.pl\/index.php\/produkcja\/wybor-szkla\/\">kolejny etap &gt;<\/a><\/p>\n<p>&nbsp;<\/p>\n<p><a href=\"https:\/\/wolniodnudy.pl\/index.php\/produkcja\/\">powr\u00f3t do Produkcji<\/a><\/p>\n<p>&nbsp;<\/p>\n<!-- AddThis Advanced Settings generic via filter on the_content --><!-- AddThis Share Buttons generic via filter on the_content -->","protected":false},"excerpt":{"rendered":"<p>Wydawa\u0107 by si\u0119 mog\u0142o, \u017ce to etap najmniej czasoch\u0142onny. W praktyce powiedzia\u0142abym, \u017ce jest odwrotnie. Poza tym, \u017ce musimy podj\u0105\u0107 decyzj\u0119 co [&hellip;]<!-- AddThis Advanced Settings generic via filter on get_the_excerpt --><!-- AddThis Share Buttons generic via filter on get_the_excerpt --><\/p>\n","protected":false},"author":1,"featured_media":0,"parent":91,"menu_order":0,"comment_status":"closed","ping_status":"closed","template":"","meta":{"ngg_post_thumbnail":0},"aioseo_notices":[],"_links":{"self":[{"href":"https:\/\/wolniodnudy.pl\/index.php\/wp-json\/wp\/v2\/pages\/207"}],"collection":[{"href":"https:\/\/wolniodnudy.pl\/index.php\/wp-json\/wp\/v2\/pages"}],"about":[{"href":"https:\/\/wolniodnudy.pl\/index.php\/wp-json\/wp\/v2\/types\/page"}],"author":[{"embeddable":true,"href":"https:\/\/wolniodnudy.pl\/index.php\/wp-json\/wp\/v2\/users\/1"}],"replies":[{"embeddable":true,"href":"https:\/\/wolniodnudy.pl\/index.php\/wp-json\/wp\/v2\/comments?post=207"}],"version-history":[{"count":14,"href":"https:\/\/wolniodnudy.pl\/index.php\/wp-json\/wp\/v2\/pages\/207\/revisions"}],"predecessor-version":[{"id":532,"href":"https:\/\/wolniodnudy.pl\/index.php\/wp-json\/wp\/v2\/pages\/207\/revisions\/532"}],"up":[{"embeddable":true,"href":"https:\/\/wolniodnudy.pl\/index.php\/wp-json\/wp\/v2\/pages\/91"}],"wp:attachment":[{"href":"https:\/\/wolniodnudy.pl\/index.php\/wp-json\/wp\/v2\/media?parent=207"}],"curies":[{"name":"wp","href":"https:\/\/api.w.org\/{rel}","templated":true}]}}