{"id":1096,"date":"2015-12-30T14:40:01","date_gmt":"2015-12-30T13:40:01","guid":{"rendered":"http:\/\/wolniodnudy.pl\/?page_id=1096"},"modified":"2015-12-30T14:40:45","modified_gmt":"2015-12-30T13:40:45","slug":"rejestracja-firmy","status":"publish","type":"page","link":"https:\/\/wolniodnudy.pl\/index.php\/rejestracja-firmy\/","title":{"rendered":"Rejestracja firmy"},"content":{"rendered":"<p>By\u0142o pod g\u00f3rk\u0119? To musi by\u0107 i z g\u00f3rki:)<\/p>\n<p>To taka prawid\u0142owo\u015b\u0107, cho\u0107 czasami nie wiemy, \u017ce tak d\u0142ugo b\u0119dzie pod g\u00f3rk\u0119.<\/p>\n<p>Tym razem by\u0142o z g\u00f3rki i to szybciej ni\u017c podejrzewa\u0142am.<\/p>\n<p>Obecnie (bo sytuacja w naszym kraju si\u0119 zmieni\u0142a i to na lepsze) naj\u0142atwiejszym rozwi\u0105zaniem jest <strong>wype\u0142nienie wniosku<\/strong> o rejestracj\u0119 on-line (na stronie <strong>CEIDG<\/strong>, najwygodniej jest u\u017cy\u0107 kreatora, kt\u00f3ry pomaga wype\u0142nia\u0107 niekt\u00f3re pola adresowe), a potem dostarczenie go do DOWOLNEGO urz\u0119du gminy. Wniosek mo\u017cna wype\u0142ni\u0107 tak\u017ce odr\u0119cznie, ale wtedy b\u0119dziemy musieli poczeka\u0107 w urz\u0119dzie. Wype\u0142nienie wniosku\u00a0zaj\u0119\u0142o mi dok\u0142adnie 20 minut. Zd\u0105\u017cy\u0142am si\u0119 przy tym kilka razy podrapa\u0107 po g\u0142owie i pozastanawia\u0107 oraz zrobi\u0107 zrzuty z ekran\u00f3w &#8211; na wypadek gdybym chcia\u0142a pokaza\u0107 jak przebiega\u0142 proces rejestracji. Jest on na prawd\u0119 prosty, a program nie pozwala pomin\u0105\u0107 lub b\u0142\u0119dnie wype\u0142ni\u0107 newralgicznych p\u00f3l. Oczywi\u015bcie wype\u0142nienie formularza idzie sprawnie, gdy wszystko przemy\u015bleli\u015bmy.<\/p>\n<p>To wszystko to np.: nazwa firmy i nazwa skr\u00f3cona, forma op\u0142acania sk\u0142adek, forma wp\u0142aty zaliczki, rodzaj prowadzonej dokumentacji rachunkowej oraz miejsce jej przechowywania. O tych ostatnich powinni\u015bmy wiedzie\u0107 wcze\u015bniej, bo je\u015bli decydujemy si\u0119 na zlecenie prowadzenia ksi\u0119gowo\u015bci firmie, to w tym momencie musimy powinni\u015bmy to zadeklarowa\u0107 (prowadzenie ksi\u0105g przez firm\u0119 i przechowywanie w niej ksi\u0105g zwalnia nas ze spotka\u0107 z audytorami skarbowymi, nie z kontrol\u0105, ale nie b\u0119dzie prowadzona ona &#8222;u nas&#8221;). Czy tak, czy inaczej z ksi\u0119gow\u0105 nale\u017cy porozmawia\u0107 przed rejestracj\u0105 firmy.<\/p>\n<p>No i na koniec smaczki: je\u015bli mamy prowadzi\u0107 jednoosobow\u0105 dzia\u0142alno\u015b\u0107 gospodarcz\u0105, a &#8222;kiedy\u015b tam&#8221; otrzymali\u015bmy NIP, to trzeba go sobie przypomnie\u0107, bo b\u0119dzie to NIP naszej firmy.<\/p>\n<p>Kiedy wniosek jest gotowy wysy\u0142amy go, zapami\u0119tujemy jego numer (czyli drukujemy) i udajemy si\u0119 do urz\u0119du. Je\u015bli macie tyle szcz\u0119\u015bcia co ja i mieszkacie w ma\u0142ej gminie,\u00a0to sama wizyta w urz\u0119dzie zajmie Wam 5 minut (a to i tak by\u0142o d\u0142ugo, bo dziwny adres zamieszkania figuruje w moich dokumentach;) ).<\/p>\n<p>Kiedy po rejestracji w urz\u0119dzie (odtego momentu firma zaczyna istnie\u0107) dumna z siebie wsiad\u0142am do samochodu u\u015bwiadomi\u0142am sobie, \u017ce&#8230; nie wiem co dalej i&#8230; ojej nie dosta\u0142am numeru REGON. Pan Gooole powiedzia\u0142 szybko, \u017ce REGON sprawdza si\u0119 na stronie GUS. Faktycznie p\u00f3\u0142godziny po wizycie w Urz\u0119dzie numer by\u0142 nadany.<\/p>\n<p>Kolejne &#8222;ojej&#8221;: konto bankowe. Tu trzeba uwa\u017ca\u0107, bo Pani z banku (infolinia PKO BP) stwierdzi\u0142a, \u017ce MUSZ\u0118 mie\u0107 konto firmowe, a\u017ceby je za\u0142o\u017cy\u0107 piecz\u0105tk\u0119 firmow\u0105.<\/p>\n<p>Ot\u00f3\u017c: prowadz\u0105c jednoosobow\u0105 dzia\u0142alno\u015b\u0107 gospodarcz\u0105 NIE TRZEBA mie\u0107 osobnego konta. Mo\u017cna i pewnie b\u0119d\u0119 je mie\u0107, ale nie ju\u017c i natychmiast.<\/p>\n<p>Piecz\u0105tka tak\u017ce nie jest obowi\u0105zkowa (no chyba, \u017ce chcecie mie\u0107 konto w banku). Ju\u017c zachodz\u0119 w g\u0142ow\u0119 co na niej umie\u015bci\u0107 (pomijaj kwesti\u0119 logo), bo WSZYSTKO (nazwa firmy, adres, telefon, NIP, ew. zb\u0119dny REGON, e-mail i strona www, ew. i r-k bankowy) oznaczaj\u0105 konieczno\u015b\u0107 wyrobienia, a potem noszenia wielgaaaa\u015bnej piecz\u0105tki. A je\u015bli ma by\u0107 ma\u0142a, to co\u00a0b\u0119dzie niezb\u0119dne? Musz\u0119 doradzi\u0107 si\u0119 znajomych, kt\u00f3rzy maj\u0105 swoje firmy&#8230;<\/p>\n<!-- AddThis Advanced Settings generic via filter on the_content --><!-- AddThis Share Buttons generic via filter on the_content -->","protected":false},"excerpt":{"rendered":"<p>By\u0142o pod g\u00f3rk\u0119? To musi by\u0107 i z g\u00f3rki:) To taka prawid\u0142owo\u015b\u0107, cho\u0107 czasami nie wiemy, \u017ce tak d\u0142ugo b\u0119dzie pod g\u00f3rk\u0119. [&hellip;]<!-- AddThis Advanced Settings generic via filter on get_the_excerpt --><!-- AddThis Share Buttons generic via filter on get_the_excerpt --><\/p>\n","protected":false},"author":1,"featured_media":0,"parent":0,"menu_order":0,"comment_status":"closed","ping_status":"closed","template":"","meta":{"ngg_post_thumbnail":0},"aioseo_notices":[],"_links":{"self":[{"href":"https:\/\/wolniodnudy.pl\/index.php\/wp-json\/wp\/v2\/pages\/1096"}],"collection":[{"href":"https:\/\/wolniodnudy.pl\/index.php\/wp-json\/wp\/v2\/pages"}],"about":[{"href":"https:\/\/wolniodnudy.pl\/index.php\/wp-json\/wp\/v2\/types\/page"}],"author":[{"embeddable":true,"href":"https:\/\/wolniodnudy.pl\/index.php\/wp-json\/wp\/v2\/users\/1"}],"replies":[{"embeddable":true,"href":"https:\/\/wolniodnudy.pl\/index.php\/wp-json\/wp\/v2\/comments?post=1096"}],"version-history":[{"count":1,"href":"https:\/\/wolniodnudy.pl\/index.php\/wp-json\/wp\/v2\/pages\/1096\/revisions"}],"predecessor-version":[{"id":1097,"href":"https:\/\/wolniodnudy.pl\/index.php\/wp-json\/wp\/v2\/pages\/1096\/revisions\/1097"}],"wp:attachment":[{"href":"https:\/\/wolniodnudy.pl\/index.php\/wp-json\/wp\/v2\/media?parent=1096"}],"curies":[{"name":"wp","href":"https:\/\/api.w.org\/{rel}","templated":true}]}}