{"id":1093,"date":"2015-12-30T14:13:34","date_gmt":"2015-12-30T13:13:34","guid":{"rendered":"http:\/\/wolniodnudy.pl\/?page_id=1093"},"modified":"2015-12-30T14:13:34","modified_gmt":"2015-12-30T13:13:34","slug":"pierwsze-duze-zakupy","status":"publish","type":"page","link":"https:\/\/wolniodnudy.pl\/index.php\/pierwsze-duze-zakupy\/","title":{"rendered":"Pierwsze du\u017ce zakupy"},"content":{"rendered":"<p>Zakupy, czyli sama rado\u015b\u0107?<\/p>\n<p>Niestety nie zawsze jest tak s\u0142odko.<br \/>\nSzczeg\u00f3lnie kiedy chcemy kupi\u0107 du\u017co lub bardzo du\u017co, albo konkretnego asortymentu.<\/p>\n<p>Ja musia\u0142am kupi\u0107 sporo drobnych narz\u0119dzi i materia\u0142\u00f3w, co oznacza\u0142o\u00a0 przekopywanie si\u0119 przez setki pozycji.<br \/>\nNa szcz\u0119\u015bcie (?) dostawc\u00f3w &#8222;moich&#8221; zabawek jest w Polsce niewielu, a dodatkowo niekt\u00f3rzy s\u0105 wyra\u017anie dro\u017csi od innych. M\u00f3wi\u0119 o dostawcach szk\u0142a i narz\u0119dzi do witra\u017cownictwa i fusingu. Jedna firma w W-wie (Arts&amp;Hobby), druga w Gda\u0144sku (Witra\u017cowe.com.pl), kt\u00f3rych ceny okaza\u0142y si\u0119 do\u015b\u0107 zbli\u017cone, ale warto by\u0142o dok\u0142adnie przestudiowa\u0107 cenniki, bo to jest dro\u017csze (i to np. o 40%), a tamto ta\u0144sze. Czasami ju\u017c przy jednym artykule warto zap\u0142aci\u0107 za koszty przesy\u0142ki. Jest kilka innych firm, ale cz\u0119\u015b\u0107 ma bardzo skromny asortyment, a inne bardzo wysokie mar\u017ce. Dlatego te\u017c ostatecznie pod lup\u0119 wzi\u0119\u0142am tych dw\u00f3ch dostawc\u00f3w i&#8230; sp\u0119dzi\u0142am nad moj\u0105 list\u0105 zakup\u00f3w dwa bite dni.<\/p>\n<p>Zam\u00f3wienie z\u0142o\u017cy\u0142am przez internet, bo: 1) koszty dojazdu przewy\u017cszy\u0142yby koszty dostawy kurierem, 2) pracuj\u0105 w pn-pt i to do\u015b\u0107 kr\u00f3tko. Kr\u00f3tko m\u00f3wi\u0105c za daleko by\u0142o. Swoj\u0105 drog\u0105 to ciekawe, \u017ce najbli\u017cszy sklep ze szk\u0142em witra\u017cowym znajduje si\u0119 ponad dwie godziny drogi samochodem od mojego domu. To wyra\u017ana przeszkoda dla rozwoju witra\u017cownictwa jako rzemios\u0142a dla hobbyst\u00f3w, bo szk\u0142o, jak tkaniny, kupuje si\u0119 ogl\u0105daj\u0105c. Narz\u0119dzia mo\u017cna naby\u0107 i na drugim ko\u0144cu \u015bwiata.<\/p>\n<p>Najwa\u017cniejsz\u0105 pozycj\u0105 w moim bud\u017cecie by\u0142 jednak piec do fusingu i tu niemi\u0142a niespodzianka, kt\u00f3r\u0105 na szcz\u0119\u015bcie odkry\u0142am odpowiednio wcze\u015bnie. Zakup realizowany na zam\u00f3wienie, a to oznacza czekanie, a czekanie oznacza, \u017ce nie mo\u017cemy pracowa\u0107. Wracamy wi\u0119c do punktu kiedy\u00a0planujemy otworzy\u0107 dzia\u0142alno\u015b\u0107 gospodarcz\u0105 oraz o konieczno\u015b\u0107 wcze\u015bniejszego przygotowania listy zakup\u00f3w koniecznych. U mnie dochodzi jeszcze kwestia tego, \u017ce uzyska\u0142am \u015brodki na otwarcie dzia\u0142alno\u015bci. Oznacza to, \u017ce musz\u0119 w do\u015b\u0107 kr\u00f3tkim czasie dokona\u0107 zakup\u00f3w. I tak niekt\u00f3rzy z ewentualnych dostawc\u00f3w odpadli na wst\u0119pie, bo czas oczekiwania na ich piec by\u0142by po prostu zbyt d\u0142ugi.\u00a0O piecu opowiem kiedy przyb\u0119dzie. Na \u00a0razie op\u0142aci\u0142am zaliczk\u0119 i czekam na informacj\u0119 kiedy b\u0119dzie gotowy. A na razie dzia\u0142am przy u\u017cyciu sprz\u0119tu, kt\u00f3ry mam.<\/p>\n<p>O ile wiedzia\u0142am, \u017ce na piec przyjdzie mi poczeka\u0107, o tyle niemi\u0142\u0105 niespodziank\u0105 by\u0142o to, \u017ce w Polsce \u017cadna ze znanych mi firm nie ma na stanie\u00a0hotpot\u00f3w. I tu m\u00f3j b\u0142\u0105d wynikaj\u0105cy z nie patrzenia na kalendarz. W \u015awi\u0119ta opustosza\u0142y magazyny. Mam nadziej\u0119, \u017ce piecyki pojawi\u0105 si\u0119 szybciej ni\u017c du\u017cy piec. Je\u015bli nie, to b\u0119d\u0119 musia\u0142a szuka\u0107 na zewn\u0105trz &#8211; ju\u017c zaczynam to robi\u0107:( Ale mo\u017ce i jaka\u015b korzy\u015b\u0107 z tego wyjdzie.<\/p>\n<p>Poza piecem, narz\u0119dziami i szk\u0142em postanowi\u0142am kupi\u0107 ploter tn\u0105co-t\u0142ocz\u0105cy. Ju\u017c wybra\u0142am, ale kosztowa\u0142o to wiele wysi\u0142ku &#8211; czytania, szukania, frustracji, \u017ce za oceanem jest o wiele taniej i to niezale\u017cnie od marki i modelu. Przyk\u0142ad? Cricut Explore, kt\u00f3ry wybra\u0142am u nas kosztuje 2100, a w USA dok\u0142adnie 1\/3. Tak, wiem transport, c\u0142o, podatek, mar\u017ca&#8230; Nie zmienia to faktu, \u017ce przy tej cenie Amerykanie mog\u0105 traktowa\u0107 te narz\u0119dzia jako zabawki. Tak ad vocem: popularne u nas Sizzixy, je\u015bli doliczy\u0107 koszty folder\u00f3w i wykrojnik\u00f3w (cho\u0107by kilku), kt\u00f3re s\u0105 prostymi zabawkami, kosztuj\u0105 w sumie wi\u0119cej ni\u017c ploter&#8230; Dokonywanie wyboru w warunkach ograniczonej informacji (ma\u0142o kto ma, a jak ma to nie zna produkt\u00f3w konkurencji, wi\u0119c nie ma jak por\u00f3wna\u0107) i jeszcze bardziej ograniczonej dost\u0119pno\u015bci os\u0142odzi\u0142o mi to, \u017ce dowiedzia\u0142am si\u0119 jakie cuda mo\u017cna stworzy\u0107 przy wykorzystaniu narz\u0119dzi tego typu, pozna\u0107 kilku pasjonat\u00f3w, a tak\u017ce wypatrze\u0107 urz\u0105dzenia o kt\u00f3rych istnieniu nawet nie \u015bni\u0142am.<\/p>\n<p>&nbsp;<\/p>\n<!-- AddThis Advanced Settings generic via filter on the_content --><!-- AddThis Share Buttons generic via filter on the_content -->","protected":false},"excerpt":{"rendered":"<p>Zakupy, czyli sama rado\u015b\u0107? Niestety nie zawsze jest tak s\u0142odko. Szczeg\u00f3lnie kiedy chcemy kupi\u0107 du\u017co lub bardzo du\u017co, albo konkretnego asortymentu. Ja [&hellip;]<!-- AddThis Advanced Settings generic via filter on get_the_excerpt --><!-- AddThis Share Buttons generic via filter on get_the_excerpt --><\/p>\n","protected":false},"author":1,"featured_media":0,"parent":0,"menu_order":0,"comment_status":"closed","ping_status":"closed","template":"","meta":{"ngg_post_thumbnail":0},"aioseo_notices":[],"_links":{"self":[{"href":"https:\/\/wolniodnudy.pl\/index.php\/wp-json\/wp\/v2\/pages\/1093"}],"collection":[{"href":"https:\/\/wolniodnudy.pl\/index.php\/wp-json\/wp\/v2\/pages"}],"about":[{"href":"https:\/\/wolniodnudy.pl\/index.php\/wp-json\/wp\/v2\/types\/page"}],"author":[{"embeddable":true,"href":"https:\/\/wolniodnudy.pl\/index.php\/wp-json\/wp\/v2\/users\/1"}],"replies":[{"embeddable":true,"href":"https:\/\/wolniodnudy.pl\/index.php\/wp-json\/wp\/v2\/comments?post=1093"}],"version-history":[{"count":1,"href":"https:\/\/wolniodnudy.pl\/index.php\/wp-json\/wp\/v2\/pages\/1093\/revisions"}],"predecessor-version":[{"id":1095,"href":"https:\/\/wolniodnudy.pl\/index.php\/wp-json\/wp\/v2\/pages\/1093\/revisions\/1095"}],"wp:attachment":[{"href":"https:\/\/wolniodnudy.pl\/index.php\/wp-json\/wp\/v2\/media?parent=1093"}],"curies":[{"name":"wp","href":"https:\/\/api.w.org\/{rel}","templated":true}]}}