{"id":1082,"date":"2015-12-30T12:20:34","date_gmt":"2015-12-30T11:20:34","guid":{"rendered":"http:\/\/wolniodnudy.pl\/?page_id=1082"},"modified":"2015-12-30T13:41:49","modified_gmt":"2015-12-30T12:41:49","slug":"pomysly-kontra-rzeczywistosc","status":"publish","type":"page","link":"https:\/\/wolniodnudy.pl\/index.php\/pomysly-kontra-rzeczywistosc\/","title":{"rendered":"Pomys\u0142y kontra rzeczywisto\u015b\u0107"},"content":{"rendered":"<p>Niekt\u00f3rym pomys\u0142\u00f3w jest brak, mnie ich&#8230; nigdy nie brakowa\u0142o.<\/p>\n<p>To eufemizm. Nie to \u017ce mi ich nie brakowa\u0142o, pomys\u0142y czai\u0142y si\u0119 &#8211; i czaj\u0105 &#8211; we wszystkich zak\u0105tkach mojego m\u00f3zgu. Wierc\u0105 i kr\u0119c\u0105, zaklinaj\u0105 rzeczywisto\u015b\u0107 i namawiaj\u0105 do poszukiwa\u0144.<\/p>\n<p>Zanim nadszed\u0142 Ten Dzie\u0144, w kt\u00f3rym musia\u0142am ostatecznie na co\u015b si\u0119 zdecydowa\u0107, sformu\u0142owa\u0142am, a potem przeformu\u0142owa\u0142am kilka opcji biznesowych. Ostatecznie musia\u0142am je zast\u0105pi\u0107 inn\u0105, gdy\u017c niestety, ale wymaga\u0142y nak\u0142ad\u00f3w finansowych zbyt wysokich jak na t\u0119 chwil\u0119. One jednak \u017cyj\u0105, maj\u0105 si\u0119 dobrze i czekaj\u0105 na sw\u0105 kolej. Przyjedzie czas i na opowie\u015b\u0107 o marzeniach, ale w swoim czasie.<\/p>\n<p>Tymczasem rzeczywisto\u015b\u0107 wygl\u0105da tak, \u017ce mog\u0142am pozyska\u0107 w bezpieczny spos\u00f3b 20 tys. z\u0142 i jak najrozs\u0105dniej je wyda\u0107 zak\u0142adaj\u0105c, \u017ce pomno\u017c\u0105 si\u0119 i pozwol\u0105 wykie\u0142kowa\u0107 pomys\u0142om starszym.<br \/>\nFirma, kt\u00f3ra si\u0119 narodzi\u0142a jest wi\u0119c skrojona do moich mo\u017cliwo\u015bci finansowych (poza pozyskanymi \u015brodkami mam pewne oszcz\u0119dno\u015bci na funkcjonowanie firmy na pocz\u0105tku i na &#8222;czarn\u0105 godzin\u0119&#8221;).<br \/>\nTak samo bywa z kupowaniem lub budowaniem domu &#8211; okre\u015blamy na co nas sta\u0107 w danej chwili i dostosowujemy realizacj\u0119 marze\u0144 do rzeczywisto\u015bci.<br \/>\nDla ekonomist\u00f3w, matematyk\u00f3w i podobnej braci: okre\u015blamy warunki brzegowe.<\/p>\n<p>No dobrze, ale co zadecydowa\u0142o o profilu mojej dzia\u0142alno\u015bci? Pasje i umiej\u0119tno\u015bci. Umiej\u0119tno\u015bci w \u017cyciu zbieram jedna po drugiej. Wcale nie do CV, albo do chwalenia si\u0119 innym, ot taka przypad\u0142o\u015b\u0107, \u017ce lubi\u0119 poznawa\u0107 &#8222;nowe&#8221;.\u00a0W ten spos\u00f3b nauczy\u0142am si\u0119 w\u0142oskiego, zwiedzi\u0142am W\u0142ochy (g\u0142\u00f3wnie p\u00f3\u0142nocne &#8211; moje ukochane)\u00a0i pozna\u0142am W\u0142och\u00f3w, w ten spos\u00f3b r\u00f3wnie\u017c zetkn\u0119\u0142am si\u0119 ze szk\u0142em i wyczarowywaniem ze szk\u0142a r\u00f3\u017cnych cudowno\u015bci. Wcze\u015bniej by\u0142a mi\u0142o\u015b\u0107 do matematyki i kilkuletnia przygoda z cyferkami, a jeszcze wcze\u015bniej dom w kt\u00f3rym ka\u017cdy mia\u0142 swoj\u0105 pasj\u0119, kt\u00f3r\u0105 si\u0119 ze mn\u0105 chcia\u0142 podzieli\u0107 i dzieli\u0142. Tymi pasjami by\u0142a gra w karty (dzi\u0119ki niej nauczy\u0142am si\u0119 liczy\u0107 i pokocha\u0142am \u015bwiat liczb), zainteresowanie architektur\u0105 i natur\u0105 (pewnie st\u0105d ch\u0119\u0107 podr\u00f3\u017cowania i kolekcjonowanie &#8211; g\u0142\u00f3wnie w g\u0142owie &#8211; kolejnych ro\u015blinek i ich w\u0142a\u015bciwo\u015bci), r\u0119kodzie\u0142o (w pe\u0142nym przekroju, bo mama robi\u0142a na drutach, jedna babcia nami\u0119tnie wyszywa\u0142a, druga robi\u0142a na drutach i szy\u0142a na maszynie, a dziadek i dziadek-wujek rysowali), no i pasja, kt\u00f3ra \u0142\u0105czy\u0142a wszystkich: ksi\u0105\u017cki.\u00a0Do tego dochodzi zami\u0142owanie do &#8222;dziwnostek&#8221;, czyli rzeczy, kt\u00f3rych przeznaczenia\u00a0prawie nikt nie zna lub nie pami\u0119ta (pami\u0119tacie scen\u0119 z Seksmisji z korkoci\u0105giem?), muze\u00f3w\u00a0nie wpisuj\u0105cych si\u0119 w g\u0142\u00f3wny\u00a0oraz park\u00f3w rozrywki.\u00a0Do tego jeszcze dochodzi gotowanie.<\/p>\n<p>Wszystkiego po\u0142\u0105czy\u0107 si\u0119 nie uda\u0142o &#8211; jeszcze nie, wi\u0119c zaczynam od \u0142\u0105czenia przyjemnego z przyjemnym, czyli pasji tworzenia z&#8230; tworzeniem (bo t\u0142umaczenia na pewno do tej grupy si\u0119 zaliczaj\u0105) oraz &#8211; mam nadziej\u0119 &#8211; z pasj\u0105 do przekazywania wiedzy tajemnej innym (w spos\u00f3b ciekawy, przejrzysty, zara\u017caj\u0105cy pasj\u0105 i nie zra\u017caj\u0105cy kosztami). Do tego zamierzam dorzuci\u0107 umiej\u0119tno\u015bci\u00a0organizatorskie. Z czego\u015b trzeba \u017cy\u0107;)<\/p>\n<p>Je\u015bli wolicie punkty od zda\u0144 podrz\u0119dnie z\u0142o\u017conych, to firma ma si\u0119 opiera\u0107 o:<\/p>\n<ul>\n<li>tworzenie ze szk\u0142a<br \/>\ntego co si\u0119 uda z niego wytworzy\u0107 i na co znajdzie si\u0119 Kupiec, najlepiej w zgodzie z w\u0142asnym gustem (o ile si\u0119 da);<\/li>\n<li>kursy,<br \/>\nczyli odkrywaniem przed doros\u0142ymi \u015bwiata zabawek kreatywnych &#8211; g\u0142\u00f3wnie technik zwi\u0105zanych ze szk\u0142em, ale nie tylko, tak\u017ce w formie tutoriali i bloga;<\/li>\n<li>t\u0142umaczenia<br \/>\nczyli u\u0142atwianie poznawania Polski i docierania do kontrahent\u00f3w W\u0142ochom (a mo\u017ce i w drug\u0105 stron\u0119),<br \/>\nby\u0107 mo\u017ce tak\u017ce przybli\u017canie literatury w\u0142oskiej &#8211; to takie ciche marzenie,<\/p>\n<ul>\n<li>je\u015bli my\u015blicie o sobie, \u00a0\u017ce jeste\u015bcie antytalenciem\u00a0j\u0119zykowym, to wiedzcie, \u017ce\u00a0jest to prawd\u0105 tylko do momentu, kiedy jego nauka i znajomo\u015b\u0107 wykroczy poza &#8222;si\u0119 przyda&#8221;<\/li>\n<\/ul>\n<\/li>\n<li>i&#8230; zobaczymy, czy co\u015b jeszcze:)<\/li>\n<\/ul>\n<p>Mo\u017ce nie jest to zbyt czytelne, ale poza tym, \u017ce ustali\u0142am:<\/p>\n<ul>\n<li>za ile (\u015brodki finansowe, kt\u00f3rymi mog\u0142am dysponowa\u0107),<\/li>\n<li>co (co umiem robi\u0107 i co chc\u0119 robi\u0107).<\/li>\n<\/ul>\n<p>wzi\u0119\u0142am pod uwag\u0119, co mo\u017ce trafi\u0107 do innych, a dla mnie sta\u0107 si\u0119 nie tylko \u017ar\u00f3d\u0142em spe\u0142nienia marze\u0144, ale i \u017ar\u00f3d\u0142em dochod\u00f3w. Czy tak si\u0119 stanie, czy trafi\u0119 w oczekiwania, albo je wykreuje? To si\u0119 oka\u017ce<\/p>\n<!-- AddThis Advanced Settings generic via filter on the_content --><!-- AddThis Share Buttons generic via filter on the_content -->","protected":false},"excerpt":{"rendered":"<p>Niekt\u00f3rym pomys\u0142\u00f3w jest brak, mnie ich&#8230; nigdy nie brakowa\u0142o. To eufemizm. Nie to \u017ce mi ich nie brakowa\u0142o, pomys\u0142y czai\u0142y si\u0119 &#8211; [&hellip;]<!-- AddThis Advanced Settings generic via filter on get_the_excerpt --><!-- AddThis Share Buttons generic via filter on get_the_excerpt --><\/p>\n","protected":false},"author":1,"featured_media":0,"parent":0,"menu_order":0,"comment_status":"closed","ping_status":"closed","template":"","meta":{"ngg_post_thumbnail":0},"aioseo_notices":[],"_links":{"self":[{"href":"https:\/\/wolniodnudy.pl\/index.php\/wp-json\/wp\/v2\/pages\/1082"}],"collection":[{"href":"https:\/\/wolniodnudy.pl\/index.php\/wp-json\/wp\/v2\/pages"}],"about":[{"href":"https:\/\/wolniodnudy.pl\/index.php\/wp-json\/wp\/v2\/types\/page"}],"author":[{"embeddable":true,"href":"https:\/\/wolniodnudy.pl\/index.php\/wp-json\/wp\/v2\/users\/1"}],"replies":[{"embeddable":true,"href":"https:\/\/wolniodnudy.pl\/index.php\/wp-json\/wp\/v2\/comments?post=1082"}],"version-history":[{"count":2,"href":"https:\/\/wolniodnudy.pl\/index.php\/wp-json\/wp\/v2\/pages\/1082\/revisions"}],"predecessor-version":[{"id":1094,"href":"https:\/\/wolniodnudy.pl\/index.php\/wp-json\/wp\/v2\/pages\/1082\/revisions\/1094"}],"wp:attachment":[{"href":"https:\/\/wolniodnudy.pl\/index.php\/wp-json\/wp\/v2\/media?parent=1082"}],"curies":[{"name":"wp","href":"https:\/\/api.w.org\/{rel}","templated":true}]}}